{"id":3802,"date":"2026-03-21T09:45:22","date_gmt":"2026-03-21T09:45:22","guid":{"rendered":"https:\/\/euroclima.al\/?post_type=product&#038;p=3802"},"modified":"2026-03-21T09:45:22","modified_gmt":"2026-03-21T09:45:22","slug":"kondicioner-kollone-16-kw-floor-standing-kaysun","status":"publish","type":"product","link":"https:\/\/euroclima.al\/index.php\/product\/kondicioner-kollone-16-kw-floor-standing-kaysun\/","title":{"rendered":"Kondicioner Kollone 16 kW Floor Standing &#8211; KAYSUN"},"content":{"rendered":"<h6 class=\"thead\">\u00a0 \u00a0 \u00a0 \u00a0 \u00a0 \u00a0 \u00a0 \u00a0 \u00a0 \u00a0 \u00a0 \u00a0 \u00a0 \u00a0 \u00a0 \u00a0 \u00a0 COOLING (KW)\u00a0 \u00a0 \u00a0 HEATING (KW)\u00a0 \u00a0 ENERGY CLASS\u00a0 \u00a0 \u00a0 \u00a0 \u00a0 \u00a0SOUND PRESSURE (DB(A))\u00a0 \u00a0 \u00a0 \u00a0 \u00a0 \u00a0 REFRIGERANT<\/h6>\n<h6>KPVA-160 DTR14\u00a0 \u00a0 \u00a0 \u00a0 \u00a0 \u00a0 \u00a015.25\u00a0 \u00a0 \u00a0 \u00a0 \u00a0 \u00a0 \u00a0 \u00a0 \u00a0 \u00a0 18.18\u00a0 \u00a0 \u00a0 \u00a0 \u00a0 \u00a0 \u00a0 \u00a0 \u00a0 \u00a0 \u00a0 \u00a0 A+\u00a0 \u00a0 \u00a0 \u00a0 \u00a0 \u00a0 \u00a0 \u00a0 \u00a0 \u00a0 \u00a0 \u00a0 \u00a0 \u00a0 \u00a0 \u00a0 \u00a0 \u00a0 \u00a0 40\u00a0 \u00a0 \u00a0 \u00a0 \u00a0 \u00a0 \u00a0 \u00a0 \u00a0 \u00a0 \u00a0 \u00a0 \u00a0 \u00a0 \u00a0 \u00a0 \u00a0 \u00a0 \u00a0 \u00a0 \u00a0 \u00a0 \u00a0 \u00a0 \u00a0 R-32<\/h6>\n","protected":false},"excerpt":{"rendered":"<div class=\"n4sEPd\">\n<div class=\"FFpbKc\">\n<h3>Paraqesim gam\u00ebn komerciale Kaysun me ventilator\u00eb t\u00eb jasht\u00ebm aksial\u00eb.<\/h3>\n<h3>Karakteristikat kryesore t\u00eb k\u00ebsaj game q\u00eb d\u00ebshirojm\u00eb t\u00eb nxjerrim n\u00eb pah jan\u00eb teknologjia e saj e p\u00ebrparuar, efikasiteti, shkatht\u00ebsia dhe performanca e saj. Kombinimet e b\u00ebra me nj\u00ebsi t\u00eb jashtme aksiale jan\u00eb t\u00eb pajisura me teknologji Inverter, duke maksimizuar efikasitetin e energjis\u00eb dhe treguesit e performanc\u00ebs sezonale me nj\u00eb SCOP 4.0. Nj\u00ebsit\u00eb e jashtme t\u00eb k\u00ebtij lloji kan\u00eb nj\u00eb estetik\u00eb me nj\u00eb dizajn t\u00eb fuqish\u00ebm dhe performanc\u00eb t\u00eb mir\u00eb t\u00eb zhurm\u00ebs.<\/h3>\n<h3 class=\"xMmqsf\">Nj\u00ebsia e kolon\u00ebs ofron kapacitet t\u00eb shk\u00eblqyer ventilimi dhe ftohjeje, duke siguruar kondicionim uniform t\u00eb ajrit n\u00eb hap\u00ebsira t\u00eb m\u00ebdha.<\/h3>\n<\/div>\n<\/div>\n","protected":false},"featured_media":3803,"template":"","meta":[],"product_brand":[],"product_cat":[122,116],"product_tag":[],"class_list":{"0":"post-3802","1":"product","2":"type-product","3":"status-publish","4":"has-post-thumbnail","6":"product_cat-sistem-vrf-kaysun","7":"product_cat-sisteme-kondicionimi","8":"description-off","10":"first","11":"instock","12":"shipping-taxable","13":"product-type-simple"},"_links":{"self":[{"href":"https:\/\/euroclima.al\/index.php\/wp-json\/wp\/v2\/product\/3802","targetHints":{"allow":["GET"]}}],"collection":[{"href":"https:\/\/euroclima.al\/index.php\/wp-json\/wp\/v2\/product"}],"about":[{"href":"https:\/\/euroclima.al\/index.php\/wp-json\/wp\/v2\/types\/product"}],"wp:featuredmedia":[{"embeddable":true,"href":"https:\/\/euroclima.al\/index.php\/wp-json\/wp\/v2\/media\/3803"}],"wp:attachment":[{"href":"https:\/\/euroclima.al\/index.php\/wp-json\/wp\/v2\/media?parent=3802"}],"wp:term":[{"taxonomy":"product_brand","embeddable":true,"href":"https:\/\/euroclima.al\/index.php\/wp-json\/wp\/v2\/product_brand?post=3802"},{"taxonomy":"product_cat","embeddable":true,"href":"https:\/\/euroclima.al\/index.php\/wp-json\/wp\/v2\/product_cat?post=3802"},{"taxonomy":"product_tag","embeddable":true,"href":"https:\/\/euroclima.al\/index.php\/wp-json\/wp\/v2\/product_tag?post=3802"}],"curies":[{"name":"wp","href":"https:\/\/api.w.org\/{rel}","templated":true}]}}