{"id":3799,"date":"2026-03-21T09:30:18","date_gmt":"2026-03-21T09:30:18","guid":{"rendered":"https:\/\/euroclima.al\/?post_type=product&#038;p=3799"},"modified":"2026-03-21T09:30:18","modified_gmt":"2026-03-21T09:30:18","slug":"kasete-multisplit-12000-btu-kaysun","status":"publish","type":"product","link":"https:\/\/euroclima.al\/index.php\/product\/kasete-multisplit-12000-btu-kaysun\/","title":{"rendered":"Kasete Multisplit 12000 BTU &#8211; KAYSUN"},"content":{"rendered":"<h6 class=\"thead\">\u00a0 \u00a0 \u00a0 \u00a0 \u00a0 \u00a0 \u00a0 \u00a0 \u00a0 \u00a0 \u00a0 \u00a0 \u00a0 \u00a0COOLING (KW)\u00a0 \u00a0 \u00a0 HEATING (KW)\u00a0 \u00a0 ENERGY CLASS\u00a0 \u00a0 \u00a0 \u00a0 \u00a0 \u00a0SOUND PRESSURE (DB(A))\u00a0 \u00a0 \u00a0 \u00a0 \u00a0 \u00a0 REFRIGERANT<\/h6>\n<h6 class=\"tbody\">KCI-26 DMR14\u00a0 \u00a0 \u00a0 \u00a0 \u00a0 \u00a02.63\u00a0 \u00a0 \u00a0 \u00a0 \u00a0 \u00a0 \u00a0 \u00a0 \u00a0 \u00a0 2.93\u00a0 \u00a0 \u00a0 \u00a0 \u00a0 \u00a0 \u00a0 \u00a0CHECK COMBINATION\u00a0 \u00a0 \u00a0 \u00a0 \u00a0 \u00a0 \u00a0 \u00a034.5 \/ 37.5 \/ 42\u00a0 \u00a0 \u00a0 \u00a0 \u00a0 \u00a0 \u00a0 \u00a0 \u00a0 \u00a0 \u00a0 \u00a0 \u00a0 \u00a0 \u00a0 \u00a0 R-32<\/h6>\n<h6 class=\"tbody\">KCI-35 DR14\u00a0 \u00a0 \u00a0 \u00a0 \u00a0 \u00a0 \u00a0 3.52\u00a0 \u00a0 \u00a0 \u00a0 \u00a0 \u00a0 \u00a0 \u00a0 \u00a0 \u00a0 3.81\u00a0 \u00a0 \u00a0 \u00a0 \u00a0 \u00a0 \u00a0 \u00a0CHECK COMBINATION\u00a0 \u00a0 \u00a0 \u00a0 \u00a0 \u00a0 \u00a0 \u00a034.5 \/ 37.5 \/ 42\u00a0 \u00a0 \u00a0 \u00a0 \u00a0 \u00a0 \u00a0 \u00a0 \u00a0 \u00a0 \u00a0 \u00a0 \u00a0 \u00a0 \u00a0 \u00a0 R-32<\/h6>\n<h6 class=\"tbody\">KCI-52 DR14\u00a0 \u00a0 \u00a0 \u00a0 \u00a0 \u00a0 \u00a0 5.28\u00a0 \u00a0 \u00a0 \u00a0 \u00a0 \u00a0 \u00a0 \u00a0 \u00a0 \u00a0 \u00a05.57\u00a0 \u00a0 \u00a0 \u00a0 \u00a0 \u00a0 \u00a0 CHECK COMBINATION\u00a0 \u00a0 \u00a0 \u00a0 \u00a0 \u00a0 \u00a0 \u00a039 \/ 44 \/ 45.4\u00a0 \u00a0 \u00a0 \u00a0 \u00a0 \u00a0 \u00a0 \u00a0 \u00a0 \u00a0 \u00a0 \u00a0 \u00a0 \u00a0 \u00a0 \u00a0 \u00a0 \u00a0R-32<\/h6>\n<h6 class=\"tbody\">KCIS-71 DR14\u00a0 \u00a0 \u00a0 \u00a0 \u00a0 \u00a0 7.03\u00a0 \u00a0 \u00a0 \u00a0 \u00a0 \u00a0 \u00a0 \u00a0 \u00a0 \u00a0 7.62\u00a0 \u00a0 \u00a0 \u00a0 \u00a0 \u00a0 \u00a0 \u00a0CHECK COMBINATION\u00a0 \u00a0 \u00a0 \u00a0 \u00a0 \u00a0 \u00a039.5 \/ 42.5 \/ 45.5\u00a0 \u00a0 \u00a0 \u00a0 \u00a0 \u00a0 \u00a0 \u00a0 \u00a0 \u00a0 \u00a0 \u00a0 \u00a0 \u00a0 \u00a0 \u00a0R-32<\/h6>\n","protected":false},"excerpt":{"rendered":"<div class=\"n4sEPd\">\n<div class=\"FFpbKc\">\n<h3 class=\"xMmqsf\"><span class=\"jCAhz ChMk0b\"><span class=\"ryNqvb\">Kaset\u00eb 600 x 600, me dalje ajri 360\u00b0.<\/span><\/span> <span class=\"jCAhz ChMk0b\"><span class=\"ryNqvb\">Nj\u00eb zgjidhje elegante dhe kompakte me dimensione standarde, p\u00ebr t&#8217;u integruar n\u00eb \u00e7do tavan.<\/span><\/span><\/h3>\n<\/div>\n<\/div>\n<div class=\"QcsUad GeWPTc BDJ8fb BLojaf sMVRZe hCXDsb wneUed\">\n<div class=\"usGWQd\">\n<div class=\"KkbLmb\">\n<h3 class=\"lRu31\" dir=\"ltr\"><span class=\"HwtZe\" lang=\"sq\"><span class=\"jCAhz ChMk0b\"><span class=\"ryNqvb\"> Kaset\u00eb 840 x 840 me lart\u00ebsi t\u00eb reduktuar, e pajisur me nj\u00eb panel 360\u00b0 p\u00ebr shp\u00ebrndarje m\u00eb t\u00eb mir\u00eb t\u00eb ajrit.<\/span><\/span><\/span><\/h3>\n<\/div>\n<\/div>\n<\/div>\n<h6 class=\"tw-data-text tw-text-large tw-ta\" dir=\"ltr\" data-placeholder=\"Translation\">* Kontrollet KCT-04.1 SPS dhe K04 WIFI LCAC jan\u00eb vet\u00ebm t\u00eb pajtueshme me modele Kasetash 840\u00d7840.<\/h6>\n","protected":false},"featured_media":3731,"template":"","meta":[],"product_brand":[],"product_cat":[116],"product_tag":[],"class_list":{"0":"post-3799","1":"product","2":"type-product","3":"status-publish","4":"has-post-thumbnail","6":"product_cat-sisteme-kondicionimi","7":"description-off","9":"first","10":"instock","11":"shipping-taxable","12":"product-type-simple"},"_links":{"self":[{"href":"https:\/\/euroclima.al\/index.php\/wp-json\/wp\/v2\/product\/3799","targetHints":{"allow":["GET"]}}],"collection":[{"href":"https:\/\/euroclima.al\/index.php\/wp-json\/wp\/v2\/product"}],"about":[{"href":"https:\/\/euroclima.al\/index.php\/wp-json\/wp\/v2\/types\/product"}],"wp:featuredmedia":[{"embeddable":true,"href":"https:\/\/euroclima.al\/index.php\/wp-json\/wp\/v2\/media\/3731"}],"wp:attachment":[{"href":"https:\/\/euroclima.al\/index.php\/wp-json\/wp\/v2\/media?parent=3799"}],"wp:term":[{"taxonomy":"product_brand","embeddable":true,"href":"https:\/\/euroclima.al\/index.php\/wp-json\/wp\/v2\/product_brand?post=3799"},{"taxonomy":"product_cat","embeddable":true,"href":"https:\/\/euroclima.al\/index.php\/wp-json\/wp\/v2\/product_cat?post=3799"},{"taxonomy":"product_tag","embeddable":true,"href":"https:\/\/euroclima.al\/index.php\/wp-json\/wp\/v2\/product_tag?post=3799"}],"curies":[{"name":"wp","href":"https:\/\/api.w.org\/{rel}","templated":true}]}}