{"id":3789,"date":"2026-03-21T08:50:42","date_gmt":"2026-03-21T08:50:42","guid":{"rendered":"https:\/\/euroclima.al\/?post_type=product&#038;p=3789"},"modified":"2026-03-21T08:51:22","modified_gmt":"2026-03-21T08:51:22","slug":"kondicioneri-monosplit-onnix-2-0-9000-btu-kaysun","status":"publish","type":"product","link":"https:\/\/euroclima.al\/index.php\/product\/kondicioneri-monosplit-onnix-2-0-9000-btu-kaysun\/","title":{"rendered":"Kondicioneri Monosplit Onnix 2.0  9000 BTU &#8211; KAYSUN"},"content":{"rendered":"<h6>\u00a0 \u00a0 \u00a0 \u00a0 \u00a0 \u00a0 \u00a0 \u00a0 \u00a0 \u00a0 \u00a0 \u00a0 \u00a0 \u00a0 \u00a0 \u00a0COOLING (KW)\u00a0 \u00a0 \u00a0 HEATING\u00a0 (KW) <span style=\"font-size: 9.38px\">\u00a0<\/span>\u00a0 \u00a0ENERGY CLASS\u00a0 \u00a0 \u00a0SOUND PRESSURE\u00a0 <span style=\"font-size: 9.38px\">(DB(A))<\/span>\u00a0 \u00a0 \u00a0 \u00a0REFRIGERANT<\/h6>\n<p>AKAY-D 26 DR10\u00a0 \u00a0 \u00a0 \u00a0 \u00a02.64\u00a0 \u00a0 \u00a0 \u00a0 \u00a0 \u00a0 \u00a0 \u00a0 \u00a0 \u00a0 \u00a0 \u00a0 2.93\u00a0 \u00a0 \u00a0 \u00a0 \u00a0 \u00a0 \u00a0 \u00a0 \u00a0 \u00a0 \u00a0 \u00a0A+++\/A++\u00a0 \u00a0 \u00a0 \u00a0 \u00a0 \u00a0 \u00a0 \u00a0 \u00a0 40 \/ 32.5 \/ 21.5\u00a0 \u00a0 \u00a0 \u00a0 \u00a0 \u00a0 \u00a0 \u00a0 \u00a0 \u00a0 \u00a0 R-32<\/p>\n<p>AKAY-D 35 DR10\u00a0 \u00a0 \u00a0 \u00a0 \u00a03.52\u00a0 \u00a0 \u00a0 \u00a0 \u00a0 \u00a0 \u00a0 \u00a0 \u00a0 \u00a0 \u00a0 \u00a0 3.81\u00a0 \u00a0 \u00a0 \u00a0 \u00a0 \u00a0 \u00a0 \u00a0 \u00a0 \u00a0 \u00a0 \u00a0A+++\/A++\u00a0 \u00a0 \u00a0 \u00a0 \u00a0 \u00a0 \u00a0 \u00a0 \u00a0 40 \/ 32.5 \/ 21.5\u00a0 \u00a0 \u00a0 \u00a0 \u00a0 \u00a0 \u00a0 \u00a0 \u00a0 \u00a0 \u00a0 R-32<\/p>\n<p>AKAY-D 52 DR10\u00a0 \u00a0 \u00a0 \u00a0 \u00a05.28\u00a0 \u00a0 \u00a0 \u00a0 \u00a0 \u00a0 \u00a0 \u00a0 \u00a0 \u00a0 \u00a0 \u00a0 5.57\u00a0 \u00a0 \u00a0 \u00a0 \u00a0 \u00a0 \u00a0 \u00a0 \u00a0 \u00a0 \u00a0 \u00a0A+++\/A+\u00a0 \u00a0 \u00a0 \u00a0 \u00a0 \u00a0 \u00a0 \u00a041.5 \/ 36.5 \/ 33.5\/19\u00a0 \u00a0 \u00a0 \u00a0 \u00a0 \u00a0 \u00a0 \u00a0 \u00a0 \u00a0R-32<\/p>\n","protected":false},"excerpt":{"rendered":"<h4>Nj\u00ebsia e re Onnix 2.0 vjen me shum\u00eb p\u00ebrmir\u00ebsime n\u00eb krahasim me paraardh\u00ebsen e saj Onnix. Me efektin e ri t\u00eb rafinuar t\u00eb pasqyr\u00ebs dhe karakteristikat e saj t\u00eb p\u00ebrmir\u00ebsuara, Onnix 2.0 \u00ebsht\u00eb padyshim nj\u00eb nga opsionet m\u00eb t\u00eb mira p\u00ebr aj\u00ebr t\u00eb kondicionuar dhe dekorimin e sht\u00ebpis\u00eb tuaj me stil.<\/h4>\n","protected":false},"featured_media":3717,"template":"","meta":[],"product_brand":[],"product_cat":[120,116],"product_tag":[],"class_list":{"0":"post-3789","1":"product","2":"type-product","3":"status-publish","4":"has-post-thumbnail","6":"product_cat-monosplit1x1","7":"product_cat-sisteme-kondicionimi","8":"description-off","10":"first","11":"instock","12":"shipping-taxable","13":"product-type-simple"},"_links":{"self":[{"href":"https:\/\/euroclima.al\/index.php\/wp-json\/wp\/v2\/product\/3789","targetHints":{"allow":["GET"]}}],"collection":[{"href":"https:\/\/euroclima.al\/index.php\/wp-json\/wp\/v2\/product"}],"about":[{"href":"https:\/\/euroclima.al\/index.php\/wp-json\/wp\/v2\/types\/product"}],"wp:featuredmedia":[{"embeddable":true,"href":"https:\/\/euroclima.al\/index.php\/wp-json\/wp\/v2\/media\/3717"}],"wp:attachment":[{"href":"https:\/\/euroclima.al\/index.php\/wp-json\/wp\/v2\/media?parent=3789"}],"wp:term":[{"taxonomy":"product_brand","embeddable":true,"href":"https:\/\/euroclima.al\/index.php\/wp-json\/wp\/v2\/product_brand?post=3789"},{"taxonomy":"product_cat","embeddable":true,"href":"https:\/\/euroclima.al\/index.php\/wp-json\/wp\/v2\/product_cat?post=3789"},{"taxonomy":"product_tag","embeddable":true,"href":"https:\/\/euroclima.al\/index.php\/wp-json\/wp\/v2\/product_tag?post=3789"}],"curies":[{"name":"wp","href":"https:\/\/api.w.org\/{rel}","templated":true}]}}