{"id":3787,"date":"2026-03-21T08:46:46","date_gmt":"2026-03-21T08:46:46","guid":{"rendered":"https:\/\/euroclima.al\/?post_type=product&#038;p=3787"},"modified":"2026-03-21T08:47:06","modified_gmt":"2026-03-21T08:47:06","slug":"dysheme-multisplit-18000-btu-double-flow-console-kaysun","status":"publish","type":"product","link":"https:\/\/euroclima.al\/index.php\/product\/dysheme-multisplit-18000-btu-double-flow-console-kaysun\/","title":{"rendered":"Dysheme Multisplit 18000 BTU Double Flow Console &#8211; KAYSUN"},"content":{"rendered":"<h6>\u00a0 \u00a0 \u00a0 \u00a0 \u00a0 \u00a0 \u00a0 \u00a0 \u00a0 \u00a0 \u00a0 \u00a0 \u00a0 \u00a0 \u00a0 \u00a0COOLING CAPACITY\u00a0 \u00a0 \u00a0 \u00a0HEATING CAPACITY\u00a0 \u00a0INDOOR AIR FLOOW\u00a0 \u00a0SOUND PRESSURE\u00a0 \u00a0 DIMENSIONS<\/h6>\n<h6>\u00a0 \u00a0 \u00a0 \u00a0 \u00a0 \u00a0 \u00a0 \u00a0 \u00a0 \u00a0 \u00a0 \u00a0 \u00a0 \u00a0 \u00a0 \u00a0 \u00a0 \u00a0 \u00a0 \u00a0 \u00a0 \u00a0 \u00a0 \u00a0 \u00a0 \u00a0 (KW)\u00a0 \u00a0 \u00a0 \u00a0 \u00a0 \u00a0 \u00a0 \u00a0 \u00a0 \u00a0 \u00a0 \u00a0 \u00a0 \u00a0 (KW)\u00a0 \u00a0 \u00a0 \u00a0 \u00a0 \u00a0 \u00a0 \u00a0 \u00a0 \u00a0 \u00a0 \u00a0 \u00a0(M3\/H)\u00a0 \u00a0 \u00a0 \u00a0 \u00a0 \u00a0 \u00a0 \u00a0 \u00a0 \u00a0 \u00a0 \u00a0 \u00a0 (DB(A))\u00a0 \u00a0 \u00a0 \u00a0 \u00a0 \u00a0 \u00a0 \u00a0 \u00a0(MM)<\/h6>\n<h6>KSD-26 DVR14-2\u00a0 \u00a0 \u00a0 \u00a0 \u00a0 \u00a0 \u00a0 \u00a0 \u00a0 \u00a0 \u00a0 \u00a0 2.6\u00a0 \u00a0 \u00a0 \u00a0 \u00a0 \u00a0 \u00a0 \u00a0 \u00a0 \u00a0 \u00a0 \u00a0 \u00a0 \u00a0 \u00a0 \u00a0 \u00a03.07\u00a0 \u00a0 \u00a0 \u00a0 \u00a0 \u00a0 \u00a0 \u00a0 \u00a0 \u00a0 \u00a0 \u00a0 \u00a0 490\/580\/650\u00a0 \u00a0 \u00a0 \u00a0 \u00a0 \u00a0 \u00a0 \u00a0 \u00a0 \u00a027\u00a0 \u00a0 \u00a0 \u00a0 \u00a0 \u00a0 \u00a0 \u00a0 \u00a0<span style=\"font-size: 9.38px\">7<\/span>94\/621\/200<\/h6>\n<h6>KSD-35 DVR14-2\u00a0 \u00a0 \u00a0 \u00a0 \u00a0 \u00a0 \u00a0 \u00a0 \u00a0 \u00a0 \u00a0 \u00a0 3.52\u00a0 \u00a0 \u00a0 \u00a0 \u00a0 \u00a0 \u00a0 \u00a0 \u00a0 \u00a0 \u00a0 \u00a0 \u00a0 \u00a0 \u00a0 \u00a03.81\u00a0 \u00a0 \u00a0 \u00a0 \u00a0 \u00a0 \u00a0 \u00a0 \u00a0 \u00a0 \u00a0 \u00a0 \u00a0 \u00a0490\/580\/650\u00a0 \u00a0 \u00a0 \u00a0 \u00a0 \u00a0 \u00a0 \u00a0 \u00a0 27\u00a0 \u00a0 \u00a0 \u00a0 \u00a0 \u00a0 \u00a0 \u00a0 \u00a0 <span style=\"font-size: 9.38px\">7<\/span>94\/621\/200<\/h6>\n<h6><span style=\"font-size: 9.38px\">KSD-52 DVR14-2\u00a0 \u00a0 \u00a0 \u00a0 \u00a0 \u00a0 \u00a0 \u00a0 \u00a0 \u00a0 \u00a0 \u00a0 5\u00a0 \u00a0 \u00a0 \u00a0 \u00a0 \u00a0 \u00a0 \u00a0 \u00a0 \u00a0 \u00a0 \u00a0 \u00a0 \u00a0 \u00a0 \u00a0 \u00a0 \u00a0 5,28\u00a0 \u00a0 \u00a0 \u00a0 \u00a0 \u00a0 \u00a0 \u00a0 \u00a0 \u00a0 \u00a0 \u00a0 \u00a0 \u00a0600\/690\/780\u00a0 \u00a0 \u00a0 \u00a0 \u00a0 \u00a0 \u00a0 \u00a0 \u00a0 32\u00a0 \u00a0 \u00a0 \u00a0 \u00a0 \u00a0 \u00a0 \u00a0 \u00a0 7<\/span>94\/621\/200<\/h6>\n","protected":false},"excerpt":{"rendered":"<h4>Console Double Flow ka nj\u00eb p\u00ebrshtatje dizajni elegante dhe kompakte t\u00eb \u00e7do zone p\u00ebr t&#8217;u pajisur me aj\u00ebr t\u00eb kondicionuar. Ai \u00ebsht\u00eb i pajisur me karakteristikat m\u00eb t\u00eb fundit teknologjike, duke u ofruar p\u00ebrdoruesve nj\u00eb nivel t\u00eb lart\u00eb rehati.<\/h4>\n<p>Modeli i disponueshem me sistemin monosplit dhe multisplit!<\/p>\n","protected":false},"featured_media":3691,"template":"","meta":[],"product_brand":[],"product_cat":[121,116],"product_tag":[],"class_list":{"0":"post-3787","1":"product","2":"type-product","3":"status-publish","4":"has-post-thumbnail","6":"product_cat-multisplit","7":"product_cat-sisteme-kondicionimi","8":"description-off","10":"first","11":"instock","12":"shipping-taxable","13":"product-type-simple"},"_links":{"self":[{"href":"https:\/\/euroclima.al\/index.php\/wp-json\/wp\/v2\/product\/3787","targetHints":{"allow":["GET"]}}],"collection":[{"href":"https:\/\/euroclima.al\/index.php\/wp-json\/wp\/v2\/product"}],"about":[{"href":"https:\/\/euroclima.al\/index.php\/wp-json\/wp\/v2\/types\/product"}],"wp:featuredmedia":[{"embeddable":true,"href":"https:\/\/euroclima.al\/index.php\/wp-json\/wp\/v2\/media\/3691"}],"wp:attachment":[{"href":"https:\/\/euroclima.al\/index.php\/wp-json\/wp\/v2\/media?parent=3787"}],"wp:term":[{"taxonomy":"product_brand","embeddable":true,"href":"https:\/\/euroclima.al\/index.php\/wp-json\/wp\/v2\/product_brand?post=3787"},{"taxonomy":"product_cat","embeddable":true,"href":"https:\/\/euroclima.al\/index.php\/wp-json\/wp\/v2\/product_cat?post=3787"},{"taxonomy":"product_tag","embeddable":true,"href":"https:\/\/euroclima.al\/index.php\/wp-json\/wp\/v2\/product_tag?post=3787"}],"curies":[{"name":"wp","href":"https:\/\/api.w.org\/{rel}","templated":true}]}}