{"id":3782,"date":"2026-03-19T12:33:47","date_gmt":"2026-03-19T12:33:47","guid":{"rendered":"https:\/\/euroclima.al\/?post_type=product&#038;p=3782"},"modified":"2026-03-19T12:34:06","modified_gmt":"2026-03-19T12:34:06","slug":"koke-multisplit-12000-btu-casual-kaysun","status":"publish","type":"product","link":"https:\/\/euroclima.al\/index.php\/product\/koke-multisplit-12000-btu-casual-kaysun\/","title":{"rendered":"Koke multisplit 12000 BTU Casual &#8211; KAYSUN"},"content":{"rendered":"<p>&nbsp;<\/p>\n<h6 class=\"thead\">\u00a0 \u00a0 \u00a0 \u00a0 \u00a0 \u00a0 \u00a0 \u00a0 \u00a0 \u00a0 \u00a0 \u00a0 \u00a0 \u00a0 \u00a0COOLING (KW)\u00a0 HEATING (KW)\u00a0 \u00a0 ENERGY CLASS\u00a0 \u00a0 SOUND PRESSURE (DB(A))\u00a0 \u00a0 \u00a0REFRIGERANT<\/h6>\n<h6 class=\"tbody\">KAY-CF 20 DR11\u00a0 \u00a0 \u00a0 \u00a0 2.05\u00a0 \u00a0 \u00a0 \u00a0 \u00a0 \u00a0 \u00a0 \u00a02.64\u00a0 \u00a0 \u00a0 \u00a0 \u00a0 \u00a0 \u00a0 CHECK COMBINATION\u00a0 \u00a0 \u00a0 \u00a0 \u00a0 \u00a0 \u00a0 \u00a0 \u00a0 21\u00a0 \u00a0 \u00a0 \u00a0 \u00a0 \u00a0 \u00a0 \u00a0 \u00a0 \u00a0 \u00a0 \u00a0 \u00a0 \u00a0 \u00a0 \u00a0 R-32<\/h6>\n<h6 class=\"tbody\">KAY-CF 26 DR11\u00a0 \u00a0 \u00a0 \u00a0 2.64\u00a0 \u00a0 \u00a0 \u00a0 \u00a0 \u00a0 \u00a0 2.93\u00a0 \u00a0 \u00a0 \u00a0 \u00a0 \u00a0 \u00a0 \u00a0CHECK COMBINATION\u00a0 \u00a0 \u00a0 \u00a0 \u00a0 \u00a0 \u00a0 \u00a0 \u00a0 21\u00a0 \u00a0 \u00a0 \u00a0 \u00a0 \u00a0 \u00a0 \u00a0 \u00a0 \u00a0 \u00a0 \u00a0 \u00a0 \u00a0 \u00a0 \u00a0 R-32<\/h6>\n<h6 class=\"tbody\">KAY-CF 35 DR11\u00a0 \u00a0 \u00a0 \u00a0 3.52\u00a0 \u00a0 \u00a0 \u00a0 \u00a0 \u00a0 \u00a0 3.81\u00a0 \u00a0 \u00a0 \u00a0 \u00a0 \u00a0 \u00a0 \u00a0CHECK COMBINATION\u00a0 \u00a0 \u00a0 \u00a0 \u00a0 \u00a0 \u00a0 \u00a0 \u00a0 21\u00a0 \u00a0 \u00a0 \u00a0 \u00a0 \u00a0 \u00a0 \u00a0 \u00a0 \u00a0 \u00a0 \u00a0 \u00a0 \u00a0 \u00a0 \u00a0 R-32<\/h6>\n<h6 class=\"tbody\">KAY-CF 52 DR11\u00a0 \u00a0 \u00a0 \u00a0 5.28\u00a0 \u00a0 \u00a0 \u00a0 \u00a0 \u00a0 \u00a0 \u00a05.57\u00a0 \u00a0 \u00a0 \u00a0 \u00a0 \u00a0 \u00a0 CHECK COMBINATION\u00a0 \u00a0 \u00a0 \u00a0 \u00a0 \u00a0 \u00a0 \u00a0 \u00a0 20\u00a0 \u00a0 \u00a0 \u00a0 \u00a0 \u00a0 \u00a0 \u00a0 \u00a0 \u00a0 \u00a0 \u00a0 \u00a0 \u00a0 \u00a0 \u00a0 R-32<\/h6>\n<h6 class=\"tbody\">KAY-CF 71 DR11\u00a0 \u00a0 \u00a0 \u00a0 7.03\u00a0 \u00a0 \u00a0 \u00a0 \u00a0 \u00a0 \u00a0 7.33\u00a0 \u00a0 \u00a0 \u00a0 \u00a0 \u00a0 \u00a0 \u00a0CHECK COMBINATION\u00a0 \u00a0 \u00a0 \u00a0 \u00a0 \u00a0 \u00a0 \u00a0 \u00a0 36\u00a0 \u00a0 \u00a0 \u00a0 \u00a0 \u00a0 \u00a0 \u00a0 \u00a0 \u00a0 \u00a0 \u00a0 \u00a0 \u00a0 \u00a0 \u00a0 R-32<\/h6>\n","protected":false},"excerpt":{"rendered":"<h4><em>Me nj\u00eb dizajn elegant dhe t\u00eb thjesht\u00eb, karakteristika kryesore e nj\u00ebsis\u00eb Kaysun Casual \u00ebsht\u00eb raporti i saj \u00e7mim\/performanc\u00eb. <\/em><\/h4>\n<h4><em>Ai p\u00ebrfshin t\u00eb gjith\u00eb teknologjin\u00eb Kaysun, me \u00e7mimin m\u00eb t\u00eb p\u00ebrballuesh\u00ebm n\u00eb gam\u00eb.<\/em><\/h4>\n<p>Modeli i disponueshem me sistemin monosplit dhe multisplit!<\/p>\n<p>&nbsp;<\/p>\n","protected":false},"featured_media":3656,"template":"","meta":[],"product_brand":[],"product_cat":[121,116],"product_tag":[],"class_list":{"0":"post-3782","1":"product","2":"type-product","3":"status-publish","4":"has-post-thumbnail","6":"product_cat-multisplit","7":"product_cat-sisteme-kondicionimi","8":"description-off","10":"first","11":"instock","12":"shipping-taxable","13":"product-type-simple"},"_links":{"self":[{"href":"https:\/\/euroclima.al\/index.php\/wp-json\/wp\/v2\/product\/3782","targetHints":{"allow":["GET"]}}],"collection":[{"href":"https:\/\/euroclima.al\/index.php\/wp-json\/wp\/v2\/product"}],"about":[{"href":"https:\/\/euroclima.al\/index.php\/wp-json\/wp\/v2\/types\/product"}],"wp:featuredmedia":[{"embeddable":true,"href":"https:\/\/euroclima.al\/index.php\/wp-json\/wp\/v2\/media\/3656"}],"wp:attachment":[{"href":"https:\/\/euroclima.al\/index.php\/wp-json\/wp\/v2\/media?parent=3782"}],"wp:term":[{"taxonomy":"product_brand","embeddable":true,"href":"https:\/\/euroclima.al\/index.php\/wp-json\/wp\/v2\/product_brand?post=3782"},{"taxonomy":"product_cat","embeddable":true,"href":"https:\/\/euroclima.al\/index.php\/wp-json\/wp\/v2\/product_cat?post=3782"},{"taxonomy":"product_tag","embeddable":true,"href":"https:\/\/euroclima.al\/index.php\/wp-json\/wp\/v2\/product_tag?post=3782"}],"curies":[{"name":"wp","href":"https:\/\/api.w.org\/{rel}","templated":true}]}}