{"id":3722,"date":"2023-09-20T12:02:50","date_gmt":"2023-09-20T12:02:50","guid":{"rendered":"https:\/\/euroclima.al\/?post_type=product&#038;p=3722"},"modified":"2023-09-20T12:02:50","modified_gmt":"2023-09-20T12:02:50","slug":"prodigy-pro-multisistem","status":"publish","type":"product","link":"https:\/\/euroclima.al\/index.php\/product\/prodigy-pro-multisistem\/","title":{"rendered":"PRODIGY PRO MULTISISTEM"},"content":{"rendered":"<h6>\u00a0 \u00a0 \u00a0 \u00a0 \u00a0 \u00a0 \u00a0 \u00a0 \u00a0 \u00a0 \u00a0 \u00a0 \u00a0 \u00a0 \u00a0 \u00a0COOLING CAPACITY\u00a0 \u00a0 \u00a0 \u00a0HEATING CAPACITY\u00a0 \u00a0 ENERGY CLASS\u00a0 \u00a0 \u00a0SOUND PRESSURE\u00a0 \u00a0 REFRIGERANT<\/h6>\n<h6>\u00a0 \u00a0 \u00a0 \u00a0 \u00a0 \u00a0 \u00a0 \u00a0 \u00a0 \u00a0 \u00a0 \u00a0 \u00a0 \u00a0 \u00a0 \u00a0 \u00a0 \u00a0 \u00a0 \u00a0 \u00a0 \u00a0 \u00a0 \u00a0 \u00a0 \u00a0 \u00a0 \u00a0(KW)\u00a0 \u00a0 \u00a0 \u00a0 \u00a0 \u00a0 \u00a0 \u00a0 \u00a0 \u00a0 \u00a0 \u00a0 \u00a0 \u00a0 \u00a0 \u00a0(KW)\u00a0 \u00a0 \u00a0 \u00a0 \u00a0 \u00a0 \u00a0 \u00a0 \u00a0 \u00a0 \u00a0 \u00a0 \u00a0 \u00a0 \u00a0 \u00a0 \u00a0 \u00a0 \u00a0 \u00a0 \u00a0 \u00a0 \u00a0 \u00a0 \u00a0 \u00a0 \u00a0 \u00a0(DB(A))<\/h6>\n<h6>KAY-P 26 DR10 \u00a0 \u00a0 \u00a0 \u00a0 \u00a0 \u00a0 \u00a0 \u00a0 \u00a0 \u00a0 \u00a0 \u00a0 2.72\u00a0 \u00a0 \u00a0 \u00a0 \u00a0 \u00a0 \u00a0 \u00a0 \u00a0 \u00a0 \u00a0 \u00a0 \u00a0 \u00a0 3,13\u00a0 \u00a0 \u00a0 \u00a0 \u00a0 \u00a0 \u00a0 \u00a0 \u00a0 \u00a0 \u00a0 A++\/A++\u00a0 \u00a0 \u00a0 \u00a0 \u00a0 \u00a0 \u00a0 \u00a0 21,5 \/ 32 \/ 40\u00a0 \u00a0 \u00a0 \u00a0 \u00a0 \u00a0 \u00a0 \u00a0 \u00a0R-32<\/h6>\n<h6>KAY-P-35 DR10 \u00a0 \u00a0 \u00a0 \u00a0 \u00a0 \u00a0 \u00a0 \u00a0 \u00a0 \u00a0 \u00a0 \u00a0 3.52\u00a0 \u00a0 \u00a0 \u00a0 \u00a0 \u00a0 \u00a0 \u00a0 \u00a0 \u00a0 \u00a0 \u00a0 \u00a0 \u00a0 \u00a0 3.96\u00a0 \u00a0 \u00a0 \u00a0 \u00a0 \u00a0 \u00a0 \u00a0 \u00a0 \u00a0 \u00a0 A++\/A++\u00a0 \u00a0 \u00a0 \u00a0 \u00a0 \u00a0 \u00a0 \u00a022 \/ 34 \/ 41\u00a0 \u00a0 \u00a0 \u00a0 \u00a0 \u00a0 \u00a0 \u00a0 \u00a0 \u00a0R-32<\/h6>\n<h6>KAY-P 52 DR10 \u00a0 \u00a0 \u00a0 \u00a0 \u00a0 \u00a0 \u00a0 \u00a0 \u00a0 \u00a0 \u00a0 \u00a0 \u00a05.28\u00a0 \u00a0 \u00a0 \u00a0 \u00a0 \u00a0 \u00a0 \u00a0 \u00a0 \u00a0 \u00a0 \u00a0 \u00a0 \u00a0 \u00a0 5.57\u00a0 \u00a0 \u00a0 \u00a0 \u00a0 \u00a0 \u00a0 \u00a0 \u00a0 \u00a0 \u00a0 \u00a0A++\/A++\u00a0 \u00a0 \u00a0 \u00a0 \u00a0 \u00a0 \u00a0 23 \/ 35 \/ 41\u00a0 \u00a0 \u00a0 \u00a0 \u00a0 \u00a0 \u00a0 \u00a0 \u00a0 R-32<\/h6>\n<h6>KAY-P 71 DR10 \u00a0 \u00a0 \u00a0 \u00a0 \u00a0 \u00a0 \u00a0 \u00a0 \u00a0 \u00a0 \u00a0 \u00a0 \u00a07.03\u00a0 \u00a0 \u00a0 \u00a0 \u00a0 \u00a0 \u00a0 \u00a0 \u00a0 \u00a0 \u00a0 \u00a0 \u00a0 \u00a0 \u00a0 7.33\u00a0 \u00a0 \u00a0 \u00a0 \u00a0 \u00a0 \u00a0 \u00a0 \u00a0 \u00a0 \u00a0 \u00a0A++\/A++\u00a0 \u00a0 \u00a0 \u00a0 \u00a0 \u00a0 \u00a0 33 \/ 40 \/ 44,5\u00a0 \u00a0 \u00a0 \u00a0 \u00a0 \u00a0 \u00a0 \u00a0R-32<\/h6>\n","protected":false},"excerpt":{"rendered":"<h4>Nj\u00ebsia e murit Prodigy, me efikasitetin e saj A+++, p\u00ebrfaq\u00ebson nj\u00eb revolucion n\u00eb instalimin dhe mir\u00ebmbajtjen parandaluese, t\u00eb gjitha t\u00eb pajisura me teknologjin\u00eb avangarde Kaysun.<\/h4>\n<p>Modeli i disponueshem me sistemin monosplit dhe multisplit!<\/p>\n","protected":false},"featured_media":3715,"template":"","meta":[],"product_brand":[],"product_cat":[116],"product_tag":[],"class_list":{"0":"post-3722","1":"product","2":"type-product","3":"status-publish","4":"has-post-thumbnail","6":"product_cat-sisteme-kondicionimi","7":"description-off","9":"first","10":"instock","11":"shipping-taxable","12":"product-type-simple"},"_links":{"self":[{"href":"https:\/\/euroclima.al\/index.php\/wp-json\/wp\/v2\/product\/3722","targetHints":{"allow":["GET"]}}],"collection":[{"href":"https:\/\/euroclima.al\/index.php\/wp-json\/wp\/v2\/product"}],"about":[{"href":"https:\/\/euroclima.al\/index.php\/wp-json\/wp\/v2\/types\/product"}],"wp:featuredmedia":[{"embeddable":true,"href":"https:\/\/euroclima.al\/index.php\/wp-json\/wp\/v2\/media\/3715"}],"wp:attachment":[{"href":"https:\/\/euroclima.al\/index.php\/wp-json\/wp\/v2\/media?parent=3722"}],"wp:term":[{"taxonomy":"product_brand","embeddable":true,"href":"https:\/\/euroclima.al\/index.php\/wp-json\/wp\/v2\/product_brand?post=3722"},{"taxonomy":"product_cat","embeddable":true,"href":"https:\/\/euroclima.al\/index.php\/wp-json\/wp\/v2\/product_cat?post=3722"},{"taxonomy":"product_tag","embeddable":true,"href":"https:\/\/euroclima.al\/index.php\/wp-json\/wp\/v2\/product_tag?post=3722"}],"curies":[{"name":"wp","href":"https:\/\/api.w.org\/{rel}","templated":true}]}}