{"id":3688,"date":"2022-10-27T10:57:38","date_gmt":"2022-10-27T10:57:38","guid":{"rendered":"https:\/\/euroclima.al\/?post_type=product&#038;p=3688"},"modified":"2026-03-19T12:23:57","modified_gmt":"2026-03-19T12:23:57","slug":"console-dysheme","status":"publish","type":"product","link":"https:\/\/euroclima.al\/index.php\/product\/console-dysheme\/","title":{"rendered":"Kondicioner dysheme Double Flow Console 12000 BTU &#8211; KAYSUN"},"content":{"rendered":"<h6>\u00a0 \u00a0 \u00a0 \u00a0 \u00a0 \u00a0 \u00a0 \u00a0 \u00a0 \u00a0 \u00a0 \u00a0 \u00a0 \u00a0 \u00a0 \u00a0COOLING CAPACITY\u00a0 \u00a0 \u00a0 \u00a0HEATING CAPACITY\u00a0 \u00a0INDOOR AIR FLOOW\u00a0 \u00a0SOUND PRESSURE\u00a0 \u00a0 DIMENSIONS<\/h6>\n<h6>\u00a0 \u00a0 \u00a0 \u00a0 \u00a0 \u00a0 \u00a0 \u00a0 \u00a0 \u00a0 \u00a0 \u00a0 \u00a0 \u00a0 \u00a0 \u00a0 \u00a0 \u00a0 \u00a0 \u00a0 \u00a0 \u00a0 \u00a0 \u00a0 \u00a0 \u00a0 \u00a0 \u00a0(KW)\u00a0 \u00a0 \u00a0 \u00a0 \u00a0 \u00a0 \u00a0 \u00a0 \u00a0 \u00a0 \u00a0 \u00a0 \u00a0 \u00a0 \u00a0 \u00a0(KW)\u00a0 \u00a0 \u00a0 \u00a0 \u00a0 \u00a0 \u00a0 \u00a0 \u00a0 \u00a0 \u00a0 \u00a0 \u00a0 \u00a0 \u00a0 \u00a0 \u00a0 (M3\/H)\u00a0 \u00a0 \u00a0 \u00a0 \u00a0 \u00a0 \u00a0 \u00a0 \u00a0 \u00a0 \u00a0 \u00a0 (DB(A))\u00a0 \u00a0 \u00a0 \u00a0 \u00a0 \u00a0 \u00a0 \u00a0 \u00a0(MM)<\/h6>\n<h6>KSDA-35\u00a0 DRV14\u00a0 \u00a0 \u00a0 \u00a0 \u00a0 \u00a0 \u00a0 \u00a0 \u00a0 \u00a0 \u00a0 \u00a0 \u00a0 \u00a03.52\u00a0 \u00a0 \u00a0 \u00a0 \u00a0 \u00a0 \u00a0 \u00a0 \u00a0 \u00a0 \u00a0 \u00a0 \u00a0 \u00a0 \u00a0 3.81\u00a0 \u00a0 \u00a0 \u00a0 \u00a0 \u00a0 \u00a0 \u00a0 \u00a0 \u00a0 \u00a0 \u00a0 \u00a0 \u00a0420\/520\/620\u00a0 \u00a0 \u00a0 \u00a0 \u00a0 \u00a0 \u00a0 \u00a0 \u00a0 \u00a0 \u00a0 \u00a0 \u00a0 \u00a0 \u00a0 \u00a058\u00a0 \u00a0 \u00a0 \u00a0 \u00a0 793\/200\/621<\/h6>\n<h6>KSDA-52\u00a0 DRV14\u00a0 \u00a0 \u00a0 \u00a0 \u00a0 \u00a0 \u00a0 \u00a0 \u00a0 \u00a0 \u00a0 \u00a0 \u00a0 \u00a05\u00a0 \u00a0 \u00a0 \u00a0 \u00a0 \u00a0 \u00a0 \u00a0 \u00a0 \u00a0 \u00a0 \u00a0 \u00a0 \u00a0 \u00a0 \u00a0 \u00a0 \u00a04.98\u00a0 \u00a0 \u00a0 \u00a0 \u00a0 \u00a0 \u00a0 \u00a0 \u00a0 \u00a0 \u00a0 \u00a0 \u00a0 \u00a0510\/620\/670\u00a0 \u00a0 \u00a0 \u00a0 \u00a0 \u00a0 \u00a0 \u00a0 \u00a0 \u00a0 \u00a0 \u00a0 \u00a0 \u00a0 \u00a0 \u00a060\u00a0 \u00a0 \u00a0 \u00a0 \u00a0 793\/200\/621<\/h6>\n","protected":false},"excerpt":{"rendered":"<h4>Console Double Flow ka nj\u00eb p\u00ebrshtatje dizajni elegante dhe kompakte t\u00eb \u00e7do zone p\u00ebr t&#8217;u pajisur me aj\u00ebr t\u00eb kondicionuar. Ai \u00ebsht\u00eb i pajisur me karakteristikat m\u00eb t\u00eb fundit teknologjike, duke u ofruar p\u00ebrdoruesve nj\u00eb nivel t\u00eb lart\u00eb rehati.<\/h4>\n<p>Modeli i disponueshem me sistemin monosplit dhe multisplit!<\/p>\n","protected":false},"featured_media":3691,"template":"","meta":[],"product_brand":[],"product_cat":[116],"product_tag":[],"class_list":{"0":"post-3688","1":"product","2":"type-product","3":"status-publish","4":"has-post-thumbnail","6":"product_cat-sisteme-kondicionimi","7":"description-off","9":"first","10":"instock","11":"shipping-taxable","12":"product-type-simple"},"_links":{"self":[{"href":"https:\/\/euroclima.al\/index.php\/wp-json\/wp\/v2\/product\/3688","targetHints":{"allow":["GET"]}}],"collection":[{"href":"https:\/\/euroclima.al\/index.php\/wp-json\/wp\/v2\/product"}],"about":[{"href":"https:\/\/euroclima.al\/index.php\/wp-json\/wp\/v2\/types\/product"}],"wp:featuredmedia":[{"embeddable":true,"href":"https:\/\/euroclima.al\/index.php\/wp-json\/wp\/v2\/media\/3691"}],"wp:attachment":[{"href":"https:\/\/euroclima.al\/index.php\/wp-json\/wp\/v2\/media?parent=3688"}],"wp:term":[{"taxonomy":"product_brand","embeddable":true,"href":"https:\/\/euroclima.al\/index.php\/wp-json\/wp\/v2\/product_brand?post=3688"},{"taxonomy":"product_cat","embeddable":true,"href":"https:\/\/euroclima.al\/index.php\/wp-json\/wp\/v2\/product_cat?post=3688"},{"taxonomy":"product_tag","embeddable":true,"href":"https:\/\/euroclima.al\/index.php\/wp-json\/wp\/v2\/product_tag?post=3688"}],"curies":[{"name":"wp","href":"https:\/\/api.w.org\/{rel}","templated":true}]}}