{"id":3679,"date":"2022-10-27T09:56:20","date_gmt":"2022-10-27T09:56:20","guid":{"rendered":"https:\/\/euroclima.al\/?post_type=product&#038;p=3679"},"modified":"2026-03-19T12:20:44","modified_gmt":"2026-03-19T12:20:44","slug":"onnix","status":"publish","type":"product","link":"https:\/\/euroclima.al\/index.php\/product\/onnix\/","title":{"rendered":"Kondicioneri Monosplit Onnix 2.0 9000 BTU &#8211; KAYSUN"},"content":{"rendered":"<h6>\u00a0 \u00a0 \u00a0 \u00a0 \u00a0 \u00a0 \u00a0 \u00a0 \u00a0 \u00a0 \u00a0 \u00a0 \u00a0 \u00a0 \u00a0 \u00a0COOLING (KW)\u00a0 \u00a0 \u00a0 HEATING\u00a0 (KW) <span style=\"font-size: 9.38px\">\u00a0<\/span>\u00a0 \u00a0ENERGY CLASS\u00a0 \u00a0 \u00a0SOUND PRESSURE\u00a0 <span style=\"font-size: 9.38px\">(DB(A))<\/span>\u00a0 \u00a0 \u00a0 \u00a0REFRIGERANT<\/h6>\n<p>AKAY-D 26 DR10\u00a0 \u00a0 \u00a0 \u00a0 \u00a02.64\u00a0 \u00a0 \u00a0 \u00a0 \u00a0 \u00a0 \u00a0 \u00a0 \u00a0 \u00a0 \u00a0 \u00a0 2.93\u00a0 \u00a0 \u00a0 \u00a0 \u00a0 \u00a0 \u00a0 \u00a0 \u00a0 \u00a0 \u00a0 \u00a0A+++\/A++\u00a0 \u00a0 \u00a0 \u00a0 \u00a0 \u00a0 \u00a0 \u00a0 \u00a0 40 \/ 32.5 \/ 21.5\u00a0 \u00a0 \u00a0 \u00a0 \u00a0 \u00a0 \u00a0 \u00a0 \u00a0 \u00a0 \u00a0 R-32<\/p>\n<p>AKAY-D 35 DR10\u00a0 \u00a0 \u00a0 \u00a0 \u00a03.52\u00a0 \u00a0 \u00a0 \u00a0 \u00a0 \u00a0 \u00a0 \u00a0 \u00a0 \u00a0 \u00a0 \u00a0 3.81\u00a0 \u00a0 \u00a0 \u00a0 \u00a0 \u00a0 \u00a0 \u00a0 \u00a0 \u00a0 \u00a0 \u00a0A+++\/A++\u00a0 \u00a0 \u00a0 \u00a0 \u00a0 \u00a0 \u00a0 \u00a0 \u00a0 40 \/ 32.5 \/ 21.5\u00a0 \u00a0 \u00a0 \u00a0 \u00a0 \u00a0 \u00a0 \u00a0 \u00a0 \u00a0 \u00a0 R-32<\/p>\n<p>AKAY-D 52 DR10\u00a0 \u00a0 \u00a0 \u00a0 \u00a05.28\u00a0 \u00a0 \u00a0 \u00a0 \u00a0 \u00a0 \u00a0 \u00a0 \u00a0 \u00a0 \u00a0 \u00a0 5.57\u00a0 \u00a0 \u00a0 \u00a0 \u00a0 \u00a0 \u00a0 \u00a0 \u00a0 \u00a0 \u00a0 \u00a0A+++\/A+\u00a0 \u00a0 \u00a0 \u00a0 \u00a0 \u00a0 \u00a0 \u00a041.5 \/ 36.5 \/ 33.5\/19\u00a0 \u00a0 \u00a0 \u00a0 \u00a0 \u00a0 \u00a0 \u00a0 \u00a0 \u00a0R-32<\/p>\n","protected":false},"excerpt":{"rendered":"<h4>Dizajni i fundit fal\u00eb form\u00ebs V dhe p\u00ebrfundimit me efekt pasqyre. Onnix arrin efikasitet t\u00eb lart\u00eb t\u00eb energjis\u00eb dhe p\u00ebrmban nj\u00eb gam\u00eb t\u00eb gjer\u00eb funksionesh p\u00ebr t\u00eb siguruar komoditetin e p\u00ebrdoruesit.<\/h4>\n","protected":false},"featured_media":3717,"template":"","meta":[],"product_brand":[],"product_cat":[116],"product_tag":[],"class_list":{"0":"post-3679","1":"product","2":"type-product","3":"status-publish","4":"has-post-thumbnail","6":"product_cat-sisteme-kondicionimi","7":"description-off","9":"first","10":"instock","11":"shipping-taxable","12":"product-type-simple"},"_links":{"self":[{"href":"https:\/\/euroclima.al\/index.php\/wp-json\/wp\/v2\/product\/3679","targetHints":{"allow":["GET"]}}],"collection":[{"href":"https:\/\/euroclima.al\/index.php\/wp-json\/wp\/v2\/product"}],"about":[{"href":"https:\/\/euroclima.al\/index.php\/wp-json\/wp\/v2\/types\/product"}],"wp:featuredmedia":[{"embeddable":true,"href":"https:\/\/euroclima.al\/index.php\/wp-json\/wp\/v2\/media\/3717"}],"wp:attachment":[{"href":"https:\/\/euroclima.al\/index.php\/wp-json\/wp\/v2\/media?parent=3679"}],"wp:term":[{"taxonomy":"product_brand","embeddable":true,"href":"https:\/\/euroclima.al\/index.php\/wp-json\/wp\/v2\/product_brand?post=3679"},{"taxonomy":"product_cat","embeddable":true,"href":"https:\/\/euroclima.al\/index.php\/wp-json\/wp\/v2\/product_cat?post=3679"},{"taxonomy":"product_tag","embeddable":true,"href":"https:\/\/euroclima.al\/index.php\/wp-json\/wp\/v2\/product_tag?post=3679"}],"curies":[{"name":"wp","href":"https:\/\/api.w.org\/{rel}","templated":true}]}}