{"id":2899,"date":"2020-02-27T15:28:04","date_gmt":"2020-02-27T15:28:04","guid":{"rendered":"https:\/\/euroclima.al\/?post_type=product&#038;p=2899"},"modified":"2020-02-27T15:32:44","modified_gmt":"2020-02-27T15:32:44","slug":"sanipro-xr-sfa","status":"publish","type":"product","link":"https:\/\/euroclima.al\/index.php\/product\/sanipro-xr-sfa\/","title":{"rendered":"SANIPRO XR SFA"},"content":{"rendered":"<p>POMPA GRIRESE PRESIONI<\/p>\n<ul>\n<li>Instalim p\u00ebr nj\u00eb banjo t\u00eb plot\u00eb<\/li>\n<li>Teknologji e qet\u00eb<\/li>\n<li>Shkarkimi ne 5 m vertkalisht dhe 100 m horizontalish<\/li>\n<\/ul>\n<p>&nbsp;<\/p>\n","protected":false},"excerpt":{"rendered":"<ul>\n<li>POMPA GRIRESE PRESIONI\n<ul>\n<li>Instalim p\u00ebr nj\u00eb banjo t\u00eb plot\u00eb<\/li>\n<li>Teknologji e qet\u00eb<\/li>\n<li>Shkarkimi ne 5 m vertkalisht dhe 100 m horizontalisht<\/li>\n<li><\/li>\n<li><img loading=\"lazy\" decoding=\"async\" class=\"alignnone size-full wp-image-2895\" src=\"https:\/\/euroclima.al\/wp-content\/uploads\/2020\/02\/1_17-1-1.png\" alt=\"\" width=\"57\" height=\"57\" \/> <img loading=\"lazy\" decoding=\"async\" class=\"alignnone size-full wp-image-2893\" src=\"https:\/\/euroclima.al\/wp-content\/uploads\/2020\/02\/1_57.png\" alt=\"\" width=\"57\" height=\"57\" \/> <img loading=\"lazy\" decoding=\"async\" class=\"alignnone size-full wp-image-2891\" src=\"https:\/\/euroclima.al\/wp-content\/uploads\/2020\/02\/1_19.png\" alt=\"\" width=\"57\" height=\"57\" \/> <img loading=\"lazy\" decoding=\"async\" class=\"alignnone size-full wp-image-2889\" src=\"https:\/\/euroclima.al\/wp-content\/uploads\/2020\/02\/1_17.png\" alt=\"\" width=\"57\" height=\"57\" \/><\/li>\n<\/ul>\n<\/li>\n<\/ul>\n<p><a href=\"https:\/\/euroclima.al\/wp-content\/uploads\/2020\/02\/Technical-sheet-sanipro-xr.pdf\">SKEDE TEKNIKE<\/a><\/p>\n","protected":false},"featured_media":2885,"template":"","meta":[],"product_brand":[],"product_cat":[23,20],"product_tag":[],"class_list":{"0":"post-2899","1":"product","2":"type-product","3":"status-publish","4":"has-post-thumbnail","6":"product_cat-pompa-te-trajtimit-te-ujerave-te-zeza","7":"product_cat-pompa-uji","8":"description-off","10":"first","11":"instock","12":"shipping-taxable","13":"product-type-simple"},"_links":{"self":[{"href":"https:\/\/euroclima.al\/index.php\/wp-json\/wp\/v2\/product\/2899","targetHints":{"allow":["GET"]}}],"collection":[{"href":"https:\/\/euroclima.al\/index.php\/wp-json\/wp\/v2\/product"}],"about":[{"href":"https:\/\/euroclima.al\/index.php\/wp-json\/wp\/v2\/types\/product"}],"wp:featuredmedia":[{"embeddable":true,"href":"https:\/\/euroclima.al\/index.php\/wp-json\/wp\/v2\/media\/2885"}],"wp:attachment":[{"href":"https:\/\/euroclima.al\/index.php\/wp-json\/wp\/v2\/media?parent=2899"}],"wp:term":[{"taxonomy":"product_brand","embeddable":true,"href":"https:\/\/euroclima.al\/index.php\/wp-json\/wp\/v2\/product_brand?post=2899"},{"taxonomy":"product_cat","embeddable":true,"href":"https:\/\/euroclima.al\/index.php\/wp-json\/wp\/v2\/product_cat?post=2899"},{"taxonomy":"product_tag","embeddable":true,"href":"https:\/\/euroclima.al\/index.php\/wp-json\/wp\/v2\/product_tag?post=2899"}],"curies":[{"name":"wp","href":"https:\/\/api.w.org\/{rel}","templated":true}]}}