{"id":2874,"date":"2020-02-27T15:07:40","date_gmt":"2020-02-27T15:07:40","guid":{"rendered":"https:\/\/euroclima.al\/?post_type=product&#038;p=2874"},"modified":"2020-02-27T15:35:12","modified_gmt":"2020-02-27T15:35:12","slug":"sanitop-sfa","status":"publish","type":"product","link":"https:\/\/euroclima.al\/index.php\/product\/sanitop-sfa\/","title":{"rendered":"SANITOP SFA"},"content":{"rendered":"<p>POMPA GRIRESE PRESIONI<\/p>\n<ul>\n<li>Ideale p\u00ebr nj\u00eb tualet dhe p\u00ebrshtatet n\u00eb m\u00ebnyr\u00eb t\u00eb pabesueshme pas nj\u00eb WC<\/li>\n<li>Pompa deri n\u00eb 5m vertikalisht ose 100 m horizontale<\/li>\n<\/ul>\n","protected":false},"excerpt":{"rendered":"<p>POMPA GRIRESE PRESIONI<\/p>\n<ul>\n<li>Ideale p\u00ebr nj\u00eb tualet dhe p\u00ebrshtatet n\u00eb m\u00ebnyr\u00eb t\u00eb pabesueshme pas nj\u00eb WC<\/li>\n<li>Pompa deri n\u00eb 5m vertikalisht ose 100 m horizontale<\/li>\n<li>Aplikimi Tualet dhe Lavaman<\/li>\n<\/ul>\n<p><img loading=\"lazy\" decoding=\"async\" class=\"alignnone size-full wp-image-2900\" src=\"https:\/\/euroclima.al\/wp-content\/uploads\/2020\/02\/1_57-1.png\" alt=\"\" width=\"57\" height=\"57\" \/><img loading=\"lazy\" decoding=\"async\" class=\"alignnone size-full wp-image-2887\" src=\"https:\/\/euroclima.al\/wp-content\/uploads\/2020\/02\/1_17-1.png\" alt=\"\" width=\"57\" height=\"57\" \/><\/p>\n","protected":false},"featured_media":2875,"template":"","meta":[],"product_brand":[],"product_cat":[23,20],"product_tag":[],"class_list":{"0":"post-2874","1":"product","2":"type-product","3":"status-publish","4":"has-post-thumbnail","6":"product_cat-pompa-te-trajtimit-te-ujerave-te-zeza","7":"product_cat-pompa-uji","8":"description-off","10":"first","11":"instock","12":"shipping-taxable","13":"product-type-simple"},"_links":{"self":[{"href":"https:\/\/euroclima.al\/index.php\/wp-json\/wp\/v2\/product\/2874","targetHints":{"allow":["GET"]}}],"collection":[{"href":"https:\/\/euroclima.al\/index.php\/wp-json\/wp\/v2\/product"}],"about":[{"href":"https:\/\/euroclima.al\/index.php\/wp-json\/wp\/v2\/types\/product"}],"wp:featuredmedia":[{"embeddable":true,"href":"https:\/\/euroclima.al\/index.php\/wp-json\/wp\/v2\/media\/2875"}],"wp:attachment":[{"href":"https:\/\/euroclima.al\/index.php\/wp-json\/wp\/v2\/media?parent=2874"}],"wp:term":[{"taxonomy":"product_brand","embeddable":true,"href":"https:\/\/euroclima.al\/index.php\/wp-json\/wp\/v2\/product_brand?post=2874"},{"taxonomy":"product_cat","embeddable":true,"href":"https:\/\/euroclima.al\/index.php\/wp-json\/wp\/v2\/product_cat?post=2874"},{"taxonomy":"product_tag","embeddable":true,"href":"https:\/\/euroclima.al\/index.php\/wp-json\/wp\/v2\/product_tag?post=2874"}],"curies":[{"name":"wp","href":"https:\/\/api.w.org\/{rel}","templated":true}]}}