{"id":2457,"date":"2019-09-23T10:27:09","date_gmt":"2019-09-23T10:27:09","guid":{"rendered":"https:\/\/euroclima.al\/?post_type=product&#038;p=2457"},"modified":"2020-05-06T07:57:37","modified_gmt":"2020-05-06T07:57:37","slug":"pompe-qarkulluese-armstrong","status":"publish","type":"product","link":"https:\/\/euroclima.al\/index.php\/product\/pompe-qarkulluese-armstrong\/","title":{"rendered":"HUPA ARMSTRONG"},"content":{"rendered":"<p>Pompe qarkulluese Hupa, ARMSTRONG<\/p>\n","protected":false},"excerpt":{"rendered":"<h3>Modeli HUPA<\/h3>\n<p>&nbsp;<\/p>\n<ul>\n<li>\n<h5>Me 3 nivele shpejtesie,<\/h5>\n<\/li>\n<li>\n<h5>Optimizuar nga energjia me karakteristik\u00eb fillestare manuale, 230 V \/ 50 Hz,<\/h5>\n<\/li>\n<li>\n<h5>Klasa e mbrojtjes IP 44,<\/h5>\n<\/li>\n<li>\n<h5>Insul. klasa H,<\/h5>\n<\/li>\n<li>\n<h5>Klasa e temperatur\u00ebs TF 110 (temperatura e l\u00ebngut +2 deri + 110 oC),<\/h5>\n<\/li>\n<li>\n<h5>Presioni nominal PN10 (presioni maksimal i sistemit 10 bar), strehimi i pomp\u00ebs s\u00eb gize t\u00eb veshur me kataforik\u00eb.<\/h5>\n<\/li>\n<\/ul>\n<h3><a href=\"https:\/\/euroclima.al\/wp-content\/uploads\/2019\/09\/HUPA-technical-sheet.pdf\">HUPA SKEDE TEKNIKE<\/a><\/h3>\n","protected":false},"featured_media":2851,"template":"","meta":[],"product_brand":[],"product_cat":[91,22,20],"product_tag":[],"class_list":{"0":"post-2457","1":"product","2":"type-product","3":"status-publish","4":"has-post-thumbnail","6":"product_cat-circulating-pumps","7":"product_cat-pompa-qarkulluese","8":"product_cat-pompa-uji","9":"description-off","11":"first","12":"instock","13":"shipping-taxable","14":"product-type-simple"},"_links":{"self":[{"href":"https:\/\/euroclima.al\/index.php\/wp-json\/wp\/v2\/product\/2457","targetHints":{"allow":["GET"]}}],"collection":[{"href":"https:\/\/euroclima.al\/index.php\/wp-json\/wp\/v2\/product"}],"about":[{"href":"https:\/\/euroclima.al\/index.php\/wp-json\/wp\/v2\/types\/product"}],"wp:featuredmedia":[{"embeddable":true,"href":"https:\/\/euroclima.al\/index.php\/wp-json\/wp\/v2\/media\/2851"}],"wp:attachment":[{"href":"https:\/\/euroclima.al\/index.php\/wp-json\/wp\/v2\/media?parent=2457"}],"wp:term":[{"taxonomy":"product_brand","embeddable":true,"href":"https:\/\/euroclima.al\/index.php\/wp-json\/wp\/v2\/product_brand?post=2457"},{"taxonomy":"product_cat","embeddable":true,"href":"https:\/\/euroclima.al\/index.php\/wp-json\/wp\/v2\/product_cat?post=2457"},{"taxonomy":"product_tag","embeddable":true,"href":"https:\/\/euroclima.al\/index.php\/wp-json\/wp\/v2\/product_tag?post=2457"}],"curies":[{"name":"wp","href":"https:\/\/api.w.org\/{rel}","templated":true}]}}