{"id":2195,"date":"2019-06-19T12:12:50","date_gmt":"2019-06-19T12:12:50","guid":{"rendered":"https:\/\/euroclima.al\/?post_type=product&#038;p=2195"},"modified":"2019-06-19T12:12:51","modified_gmt":"2019-06-19T12:12:51","slug":"pompe-presioni-fnc","status":"publish","type":"product","link":"https:\/\/euroclima.al\/index.php\/product\/pompe-presioni-fnc\/","title":{"rendered":"POMPE PRESIONI FNC"},"content":{"rendered":"","protected":false},"excerpt":{"rendered":"<h2>FNC Pompat elektrike me bosht t\u00eb ngusht\u00eb t\u00eb dyfisht\u00eb<\/h2>\n<h5>Specifikime te pompes<\/h5>\n<p>Rrjedhja: deri n\u00eb 180 m\u00b3 \/ h<br \/>\nKreu: deri n\u00eb 90 m<br \/>\nPresioni maksimal i pun\u00ebs: PN10<br \/>\nTemperatura maksimale e l\u00ebngshme:<br \/>\nderi n\u00eb 90 \u00b0 C p\u00ebr p\u00ebrdorim sht\u00ebpiak<br \/>\nderi n\u00eb 120 \u00b0 C p\u00ebr p\u00ebrdorim industrial<br \/>\nReferenca standarde:<br \/>\nErP 547\/2012 (MEI&gt; 0,4)<br \/>\nUNI EN 733 (DIN 24255)<\/p>\n<h4>\nMaterialet dhe karakteristikat e nd\u00ebrtimit<\/h4>\n<p>Trupi i pomp\u00ebs \/ Mbulesa e mbajt\u00ebsit mekanik \/ Kllapa motorike: Hekuri GG20 me shtres\u00eb anti-korrozive<br \/>\nPortat e thithjes \/ daljes: sipas standardit EN1092-2<br \/>\nImpeller: Hekur GG20 me shtres\u00eb kataphoreze<br \/>\nBosht pomp\u00eb: \u00c7elik inox AISI 304<br \/>\nVula Mekanike: Karboni \/ Qeramik\u00eb \/ NBR<br \/>\nSpecifikimi i motorrit<br \/>\nMotori asinkronik i kafazit t\u00eb ketrit<br \/>\nVentilimi i jasht\u00ebm<br \/>\nMbrojtje motorike dhe kondensator t\u00eb inkorporuar gjithmon\u00eb n\u00eb, p\u00ebr motor\u00ebt me nj\u00eb faz\u00eb<br \/>\nMbrojtja e motorit p\u00ebr motor\u00ebt trefazor\u00eb duhet t\u00eb instalohet nga konsumatori (rekomandohet t\u00eb p\u00ebrdoret nj\u00eb pajisje q\u00eb \u00ebsht\u00eb n\u00eb pajtim me standardet aktuale)<br \/>\nKlasa e efikasitetit: IE3<br \/>\nKlasa e izolimit: F<br \/>\nKlasa e sh\u00ebrbimit: S1<br \/>\nShkalla e mbrojtjes: IP 54<br \/>\nReferenca standarde: 640\/2009 (Klasa e efikasitetit t\u00eb motorit IE3)<\/p>\n","protected":false},"featured_media":2196,"template":"","meta":[],"product_brand":[],"product_cat":[21,20],"product_tag":[],"class_list":{"0":"post-2195","1":"product","2":"type-product","3":"status-publish","4":"has-post-thumbnail","6":"product_cat-pompa-presioni","7":"product_cat-pompa-uji","8":"description-off","10":"first","11":"instock","12":"shipping-taxable","13":"product-type-simple"},"_links":{"self":[{"href":"https:\/\/euroclima.al\/index.php\/wp-json\/wp\/v2\/product\/2195","targetHints":{"allow":["GET"]}}],"collection":[{"href":"https:\/\/euroclima.al\/index.php\/wp-json\/wp\/v2\/product"}],"about":[{"href":"https:\/\/euroclima.al\/index.php\/wp-json\/wp\/v2\/types\/product"}],"wp:featuredmedia":[{"embeddable":true,"href":"https:\/\/euroclima.al\/index.php\/wp-json\/wp\/v2\/media\/2196"}],"wp:attachment":[{"href":"https:\/\/euroclima.al\/index.php\/wp-json\/wp\/v2\/media?parent=2195"}],"wp:term":[{"taxonomy":"product_brand","embeddable":true,"href":"https:\/\/euroclima.al\/index.php\/wp-json\/wp\/v2\/product_brand?post=2195"},{"taxonomy":"product_cat","embeddable":true,"href":"https:\/\/euroclima.al\/index.php\/wp-json\/wp\/v2\/product_cat?post=2195"},{"taxonomy":"product_tag","embeddable":true,"href":"https:\/\/euroclima.al\/index.php\/wp-json\/wp\/v2\/product_tag?post=2195"}],"curies":[{"name":"wp","href":"https:\/\/api.w.org\/{rel}","templated":true}]}}