{"id":2180,"date":"2019-06-17T10:38:51","date_gmt":"2019-06-17T10:38:51","guid":{"rendered":"https:\/\/euroclima.al\/?post_type=product&#038;p=2180"},"modified":"2019-06-17T10:38:52","modified_gmt":"2019-06-17T10:38:52","slug":"pompa-vertikale-shumefazore","status":"publish","type":"product","link":"https:\/\/euroclima.al\/index.php\/product\/pompa-vertikale-shumefazore\/","title":{"rendered":"POMPA VERTIKALE SHUMEFAZORE"},"content":{"rendered":"","protected":false},"excerpt":{"rendered":"<div class=\"tlid-input input\">\n<div class=\"source-wrap\">\n<div class=\"input-full-height-wrapper tlid-input-full-height-wrapper\">\n<div class=\"source-input\">\n<div class=\"source-footer-wrap source-or-target-footer\">\n<div class=\"character-count tlid-character-count\">\n<h2 class=\"cc-ctr normal\">EV Pompat vertikale shum\u00ebfazore<\/h2>\n<\/div>\n<\/div>\n<\/div>\n<\/div>\n<\/div>\n<\/div>\n<div class=\"tlid-results-container results-container\">\n<div class=\"tlid-result result-dict-wrapper\">\n<div class=\"result tlid-copy-target\">\n<div class=\"text-wrap tlid-copy-target\">\n<div class=\"result-shield-container tlid-copy-target\" tabindex=\"0\"><span class=\"tlid-translation translation\" lang=\"sq\"><span class=\"\" title=\"\">Pompa vertikale EV n\u00eb \u00e7elik inox jep eficienc\u00eb dhe performanc\u00eb t\u00eb lart\u00eb p\u00ebr nj\u00eb shum\u00ebllojshm\u00ebri t\u00eb gjer\u00eb aplikimesh k\u00ebrkuese.<\/span> <span class=\"\" title=\"\">Serit\u00eb EV jan\u00eb t\u00eb mb\u00ebshtetura nga sh\u00ebrbimi dhe mb\u00ebshtetja teknike e pashembullt e Franklin Electric, duke ju l\u00ebn\u00eb besueshm\u00ebrin\u00eb e provuar dhe paqen e mendjes.<\/span><\/span><\/div>\n<div tabindex=\"0\"><\/div>\n<div tabindex=\"0\"><a href=\"https:\/\/euroclima.al\/wp-content\/uploads\/2019\/06\/ev-group.pdf\">SKEDE TEKNIKE<\/a><\/div>\n<\/div>\n<\/div>\n<\/div>\n<\/div>\n","protected":false},"featured_media":2182,"template":"","meta":[],"product_brand":[],"product_cat":[21],"product_tag":[],"class_list":{"0":"post-2180","1":"product","2":"type-product","3":"status-publish","4":"has-post-thumbnail","6":"product_cat-pompa-presioni","7":"description-off","9":"first","10":"instock","11":"shipping-taxable","12":"product-type-simple"},"_links":{"self":[{"href":"https:\/\/euroclima.al\/index.php\/wp-json\/wp\/v2\/product\/2180","targetHints":{"allow":["GET"]}}],"collection":[{"href":"https:\/\/euroclima.al\/index.php\/wp-json\/wp\/v2\/product"}],"about":[{"href":"https:\/\/euroclima.al\/index.php\/wp-json\/wp\/v2\/types\/product"}],"wp:featuredmedia":[{"embeddable":true,"href":"https:\/\/euroclima.al\/index.php\/wp-json\/wp\/v2\/media\/2182"}],"wp:attachment":[{"href":"https:\/\/euroclima.al\/index.php\/wp-json\/wp\/v2\/media?parent=2180"}],"wp:term":[{"taxonomy":"product_brand","embeddable":true,"href":"https:\/\/euroclima.al\/index.php\/wp-json\/wp\/v2\/product_brand?post=2180"},{"taxonomy":"product_cat","embeddable":true,"href":"https:\/\/euroclima.al\/index.php\/wp-json\/wp\/v2\/product_cat?post=2180"},{"taxonomy":"product_tag","embeddable":true,"href":"https:\/\/euroclima.al\/index.php\/wp-json\/wp\/v2\/product_tag?post=2180"}],"curies":[{"name":"wp","href":"https:\/\/api.w.org\/{rel}","templated":true}]}}