{"id":2176,"date":"2019-06-17T09:50:19","date_gmt":"2019-06-17T09:50:19","guid":{"rendered":"https:\/\/euroclima.al\/?post_type=product&#038;p=2176"},"modified":"2019-06-19T12:24:55","modified_gmt":"2019-06-19T12:24:55","slug":"pompe-horizontale-shumefazore","status":"publish","type":"product","link":"https:\/\/euroclima.al\/index.php\/product\/pompe-horizontale-shumefazore\/","title":{"rendered":"POMPE HORIZONTALE SHUMEFAZORE"},"content":{"rendered":"<p>&nbsp;<\/p>\n<h2>Specifikimet e pompave<\/h2>\n<p>Prurja Q:<br \/>\nderi n\u00eb 29 m\u00b3 \/ h n\u00eb 50 Hz<\/p>\n<p>Lartesia H:<br \/>\nderi n\u00eb 104 m n\u00eb 50 Hz<\/p>\n<p>Lidhjet: Rp filetuar p\u00ebr hyrje dhe dalje<br \/>\nPresioni maksimal i pun\u00ebs: 10 bar<br \/>\nSasia maksimale e lejuar e r\u00ebr\u00ebs: 50 g \/ m\u00b3<br \/>\nTemperatura maksimale e ambientit: 40 \u00b0 C<\/p>\n<h2>Gama e temperatur\u00ebs<\/h2>\n<p>Minimumi: nga -15 \u00b0 C deri n\u00eb -10 \u00b0 C sipas materialit t\u00eb cop\u00ebzuar<br \/>\nMaksimumi: +90 \u00b0 C p\u00ebr p\u00ebrdorim sht\u00ebpiak (p\u00ebrdorimet e mbuluara nga standardi CEI EN 60335-2-41); +110 \u00b0C vet\u00ebm p\u00ebr p\u00ebrdorim industrial (p\u00ebrdorime t\u00eb ndryshme nga ato t\u00eb mbuluara nga standardi CEI EN 60335-2-41)<br \/>\nKarakteristikat hidraulike jan\u00eb t\u00eb garantuara, sipas standardit ISO 9906: 2012, klasa 3B<\/p>\n<h2>Specifikimet e motorit<\/h2>\n<p>Nje fazore<br \/>\nKlasa e efikasitetit motorik trefazor IE3<br \/>\nAsinkrone, TEFC (mbyllur totalisht, ftohur me tifoz)<br \/>\n2 pole<br \/>\nMotor mbrojt\u00ebs IP55, klasa izoluese F<\/p>\n<p>Tensioni standard<\/p>\n<p>Dy fazore<br \/>\n220-240 V \u00b1 5% n\u00eb 50 Hz (Mbrojtja termike e nd\u00ebrtuar n\u00eb motor)<br \/>\n220-230 V \u00b1 5% n\u00eb 60 Hz (Mbrojtja termike e nd\u00ebrtuar n\u00eb motor)<br \/>\nTrefazor:<br \/>\n220-240 V \/ 380-415 V \u00b1 5% deri n\u00eb 3 kW n\u00eb 50 Hz (Mbrojtja termike q\u00eb duhet t\u00eb sigurohet n\u00eb panelin e motorit nga instaluesi)<br \/>\n380-415 V \/ 660-690 V \u00b1 5% nga 4 kW n\u00eb 50 Hz (Mbrojtja termike q\u00eb duhet t\u00eb sigurohet n\u00eb panelin e motorit nga instaluesi)<br \/>\n220-230 V \/ 380-400 V \u00b1 5% deri n\u00eb 3 kW 60 Hz (Mbrojtja termike q\u00eb duhet t\u00eb sigurohet n\u00eb panelin e motorit nga instaluesi)<\/p>\n<h4>\nFrekuenca e fillimit:<\/h4>\n<p>Max. 60 fillon \/ or\u00eb p\u00ebr fuqin\u00eb motorike deri n\u00eb 3 kW (me nj\u00eb koh\u00eb pushimi min. 1 minut\u00eb)<br \/>\nMax. 30 fillon \/ or\u00eb p\u00ebr fuqin\u00eb motorike nga 4 kW (me pushim min. 2 minut\u00ebsh)<\/p>\n","protected":false},"excerpt":{"rendered":"<p>Pompa horizontale shum\u00ebfazore EH<br \/>\nSeria EH, pomp\u00eb p\u00ebrforcuese e shum\u00ebfisht\u00eb \u00ebsht\u00eb projektuar p\u00ebr t\u00eb p\u00ebrmbushur nevojat tuaja p\u00ebr rritjen e presionit. Nd\u00ebrtesa prej \u00e7eliku inox ofron performanc\u00eb t\u00eb lart\u00eb n\u00eb nj\u00eb shum\u00ebllojshm\u00ebri aplikimesh. Seria EH ofrohet n\u00eb pes\u00eb nivele t\u00eb rrjedhjes dhe madh\u00ebsi t\u00eb ndryshme t\u00eb shpejtesive n\u00eb nj\u00eb faz\u00eb ose n\u00eb 3 faza p\u00ebr t\u00eb siguruar q\u00eb keni pomp\u00ebn e duhur p\u00ebr t\u00eb p\u00ebrshtatur k\u00ebrkes\u00ebn tuaj.<\/p>\n<p><a href=\"https:\/\/euroclima.al\/wp-content\/uploads\/2019\/06\/pompa-horizontale-shumefazore.pdf\">SKEDE TEKNIKE<\/a><\/p>\n","protected":false},"featured_media":2178,"template":"","meta":[],"product_brand":[],"product_cat":[21],"product_tag":[],"class_list":{"0":"post-2176","1":"product","2":"type-product","3":"status-publish","4":"has-post-thumbnail","6":"product_cat-pompa-presioni","7":"description-off","9":"first","10":"instock","11":"shipping-taxable","12":"product-type-simple"},"_links":{"self":[{"href":"https:\/\/euroclima.al\/index.php\/wp-json\/wp\/v2\/product\/2176","targetHints":{"allow":["GET"]}}],"collection":[{"href":"https:\/\/euroclima.al\/index.php\/wp-json\/wp\/v2\/product"}],"about":[{"href":"https:\/\/euroclima.al\/index.php\/wp-json\/wp\/v2\/types\/product"}],"wp:featuredmedia":[{"embeddable":true,"href":"https:\/\/euroclima.al\/index.php\/wp-json\/wp\/v2\/media\/2178"}],"wp:attachment":[{"href":"https:\/\/euroclima.al\/index.php\/wp-json\/wp\/v2\/media?parent=2176"}],"wp:term":[{"taxonomy":"product_brand","embeddable":true,"href":"https:\/\/euroclima.al\/index.php\/wp-json\/wp\/v2\/product_brand?post=2176"},{"taxonomy":"product_cat","embeddable":true,"href":"https:\/\/euroclima.al\/index.php\/wp-json\/wp\/v2\/product_cat?post=2176"},{"taxonomy":"product_tag","embeddable":true,"href":"https:\/\/euroclima.al\/index.php\/wp-json\/wp\/v2\/product_tag?post=2176"}],"curies":[{"name":"wp","href":"https:\/\/api.w.org\/{rel}","templated":true}]}}