{"id":2174,"date":"2019-06-17T09:42:15","date_gmt":"2019-06-17T09:42:15","guid":{"rendered":"https:\/\/euroclima.al\/?post_type=product&#038;p=2174"},"modified":"2019-06-17T10:52:36","modified_gmt":"2019-06-17T10:52:36","slug":"pompe-horizontale-me-inverter","status":"publish","type":"product","link":"https:\/\/euroclima.al\/index.php\/product\/pompe-horizontale-me-inverter\/","title":{"rendered":"POMPE HORIZONTALE ME INVERTER"},"content":{"rendered":"","protected":false},"excerpt":{"rendered":"<p>Drive-Tech MINI \u00ebsht\u00eb nj\u00eb set i fuqish\u00ebm i p\u00ebrparimit q\u00eb kombinon efikasitetin, thjesht\u00ebsin\u00eb, inovacionin dhe sigurin\u00eb: pompat horizontale shum\u00ebfazore EH me pajisjen e re inverter Drive-<\/p>\n<p>Efikasiteti: Drive-Tech MINI arrin kursime totale t\u00eb energjis\u00eb deri n\u00eb 40%, krahasuar me sistemet konvencionale t\u00eb kontrollit t\u00eb shpejt\u00ebsis\u00eb.<\/p>\n<p>Thjesht\u00ebsia: Drive-Tech MINI \u00ebsht\u00eb montuar direkt n\u00eb kutin\u00eb e kontrollit motorik. Ai \u00ebsht\u00eb furnizuar tashm\u00eb me nj\u00eb kabllo t\u00eb fuqis\u00eb prej 2.0 metrash dhe nj\u00eb kabllo prej 1.50 met\u00ebr p\u00ebr t&#8217;u lidhur me dh\u00ebn\u00ebsin e presionit.<\/p>\n<p>Innovation: Drive-Tech MINI mund t\u00eb kontrollohet manualisht nga paneli i bordit ose n\u00ebp\u00ebrmjet Bluetooth nga aplikacioni Franklin Smartphone &#8220;FE Connect Drivetech&#8221; (Android dhe IOS), duke ju mund\u00ebsuar vendosjen dhe monitorimin e sistemit nga distanca, duke ruajtur t\u00eb dh\u00ebnat e pun\u00ebs dhe duke rritur performanc\u00ebn e pomp\u00ebs.<\/p>\n<p>Siguria: Filtri i hyrjes i integruar i klasit B (EN55011) parandalon \u00e7do lloj shqet\u00ebsime n\u00eb rrjetin vendas p\u00ebr t\u00eb siguruar nj\u00eb p\u00ebrdorim t\u00eb besuesh\u00ebm. Filtri ndjek direktivat EMC (p\u00ebrputhshm\u00ebria elektromagnetike).<\/p>\n<p><a href=\"https:\/\/euroclima.al\/wp-content\/uploads\/2019\/06\/EH-DTm_mini-tech.pdf\">SKEDE TEKNIKE<\/a><\/p>\n","protected":false},"featured_media":2173,"template":"","meta":[],"product_brand":[],"product_cat":[21,20],"product_tag":[],"class_list":{"0":"post-2174","1":"product","2":"type-product","3":"status-publish","4":"has-post-thumbnail","6":"product_cat-pompa-presioni","7":"product_cat-pompa-uji","8":"description-off","10":"first","11":"instock","12":"shipping-taxable","13":"product-type-simple"},"_links":{"self":[{"href":"https:\/\/euroclima.al\/index.php\/wp-json\/wp\/v2\/product\/2174","targetHints":{"allow":["GET"]}}],"collection":[{"href":"https:\/\/euroclima.al\/index.php\/wp-json\/wp\/v2\/product"}],"about":[{"href":"https:\/\/euroclima.al\/index.php\/wp-json\/wp\/v2\/types\/product"}],"wp:featuredmedia":[{"embeddable":true,"href":"https:\/\/euroclima.al\/index.php\/wp-json\/wp\/v2\/media\/2173"}],"wp:attachment":[{"href":"https:\/\/euroclima.al\/index.php\/wp-json\/wp\/v2\/media?parent=2174"}],"wp:term":[{"taxonomy":"product_brand","embeddable":true,"href":"https:\/\/euroclima.al\/index.php\/wp-json\/wp\/v2\/product_brand?post=2174"},{"taxonomy":"product_cat","embeddable":true,"href":"https:\/\/euroclima.al\/index.php\/wp-json\/wp\/v2\/product_cat?post=2174"},{"taxonomy":"product_tag","embeddable":true,"href":"https:\/\/euroclima.al\/index.php\/wp-json\/wp\/v2\/product_tag?post=2174"}],"curies":[{"name":"wp","href":"https:\/\/api.w.org\/{rel}","templated":true}]}}