{"id":737,"date":"2019-02-08T16:10:52","date_gmt":"2019-02-08T16:10:52","guid":{"rendered":"https:\/\/euroclima.al\/?page_id=737"},"modified":"2024-11-14T11:52:54","modified_gmt":"2024-11-14T11:52:54","slug":"sherbime","status":"publish","type":"page","link":"https:\/\/euroclima.al\/index.php\/sherbime\/","title":{"rendered":"Sherbime"},"content":{"rendered":"<div class=\"wpb-content-wrapper\"><p>[vc_row][vc_column][vc_custom_heading text=&#8221;SHERBIMET TONA&#8221; font_container=&#8221;tag:h2|text_align:left|color:%233a4b6a&#8221; google_fonts=&#8221;font_family:Roboto%3A100%2C100italic%2C300%2C300italic%2Cregular%2Citalic%2C500%2C500italic%2C700%2C700italic%2C900%2C900italic|font_style:500%20bold%20regular%3A500%3Anormal&#8221;][vc_column_text]<\/p>\n<p style=\"text-align: justify;\">Kompania ofron <strong>asistenc\u00eb teknike telefonike<\/strong> p\u00ebr produkte q\u00eb mund t\u00eb ken\u00eb nevoj\u00ebn e saj duke kontaktuar n\u00eb numrat e kontakeve t\u00eb afishuar n\u00eb faqen ton\u00eb <strong>brenda orareve<\/strong> t\u00eb caktuar t\u00eb pun\u00ebs. P\u00ebr \u00e7do sh\u00ebrbim ekstra q\u00eb do k\u00ebrkohet nga konsumatori dhe q\u00eb do t\u00eb ket\u00eb kosto p\u00ebr kompanin\u00eb, ne jemi t\u00eb detyruar <strong>t\u2019i p\u00ebrgjigjemi konsumatorit<\/strong> sipas llogaritjeve q\u00eb percaktohen paraprakisht dhe pasi kan\u00eb ren\u00eb<strong> dakort t\u00eb dyja pal\u00ebt.<\/strong><\/p>\n<p>[\/vc_column_text][\/vc_column][\/vc_row][vc_row][vc_column width=&#8221;1\/4&#8243;][vc_single_image image=&#8221;3741&#8243; img_size=&#8221;full&#8221; onclick=&#8221;link_image&#8221;][\/vc_column][vc_column width=&#8221;1\/4&#8243;][vc_single_image image=&#8221;3743&#8243; img_size=&#8221;full&#8221; onclick=&#8221;link_image&#8221;][\/vc_column][vc_column width=&#8221;1\/4&#8243;][vc_single_image image=&#8221;3745&#8243; img_size=&#8221;full&#8221; onclick=&#8221;link_image&#8221;][\/vc_column][vc_column width=&#8221;1\/4&#8243;][vc_single_image image=&#8221;3747&#8243; img_size=&#8221;full&#8221; onclick=&#8221;link_image&#8221;][\/vc_column][\/vc_row]<\/p>\n<\/div>","protected":false},"excerpt":{"rendered":"<p>[vc_row][vc_column][vc_custom_heading text=&#8221;SHERBIMET TONA&#8221; font_container=&#8221;tag:h2|text_align:left|color:%233a4b6a&#8221; google_fonts=&#8221;font_family:Roboto%3A100%2C100italic%2C300%2C300italic%2Cregular%2Citalic%2C500%2C500italic%2C700%2C700italic%2C900%2C900italic|font_style:500%20bold%20regular%3A500%3Anormal&#8221;][vc_column_text] Kompania ofron asistenc\u00eb teknike telefonike p\u00ebr produkte q\u00eb mund t\u00eb ken\u00eb nevoj\u00ebn e saj duke kontaktuar n\u00eb numrat e kontakeve t\u00eb afishuar n\u00eb faqen ton\u00eb brenda orareve t\u00eb caktuar t\u00eb pun\u00ebs. P\u00ebr \u00e7do sh\u00ebrbim ekstra q\u00eb do k\u00ebrkohet nga konsumatori dhe q\u00eb do t\u00eb ket\u00eb kosto p\u00ebr kompanin\u00eb, ne jemi&hellip;<\/p>\n","protected":false},"author":4,"featured_media":0,"parent":0,"menu_order":0,"comment_status":"closed","ping_status":"closed","template":"","meta":{"footnotes":""},"class_list":["post-737","page","type-page","status-publish","hentry","description-off"],"_links":{"self":[{"href":"https:\/\/euroclima.al\/index.php\/wp-json\/wp\/v2\/pages\/737","targetHints":{"allow":["GET"]}}],"collection":[{"href":"https:\/\/euroclima.al\/index.php\/wp-json\/wp\/v2\/pages"}],"about":[{"href":"https:\/\/euroclima.al\/index.php\/wp-json\/wp\/v2\/types\/page"}],"author":[{"embeddable":true,"href":"https:\/\/euroclima.al\/index.php\/wp-json\/wp\/v2\/users\/4"}],"replies":[{"embeddable":true,"href":"https:\/\/euroclima.al\/index.php\/wp-json\/wp\/v2\/comments?post=737"}],"version-history":[{"count":4,"href":"https:\/\/euroclima.al\/index.php\/wp-json\/wp\/v2\/pages\/737\/revisions"}],"predecessor-version":[{"id":3749,"href":"https:\/\/euroclima.al\/index.php\/wp-json\/wp\/v2\/pages\/737\/revisions\/3749"}],"wp:attachment":[{"href":"https:\/\/euroclima.al\/index.php\/wp-json\/wp\/v2\/media?parent=737"}],"curies":[{"name":"wp","href":"https:\/\/api.w.org\/{rel}","templated":true}]}}