{"id":730,"date":"2019-02-08T16:01:08","date_gmt":"2019-02-08T16:01:08","guid":{"rendered":"https:\/\/euroclima.al\/?page_id=730"},"modified":"2019-02-08T16:22:59","modified_gmt":"2019-02-08T16:22:59","slug":"kushtet-e-kthimit","status":"publish","type":"page","link":"https:\/\/euroclima.al\/index.php\/kushtet-e-kthimit\/","title":{"rendered":"KUSHTET E KTHIMIT"},"content":{"rendered":"<div class=\"wpb-content-wrapper\"><p>[vc_row][vc_column][vc_column_text]<\/p>\n<p style=\"text-align: justify;\">\n<p style=\"text-align: justify;\">P\u00ebrdorues t\u00eb nderuar,<\/p>\n<p style=\"text-align: justify;\">K\u00ebrkesat p\u00ebr kthim ose anullim d\u00ebrgohen me e-mail tek:<strong>\u00a0info@euroclima.al<\/strong>\u00a0brenda 2 dit\u00ebve nga data e dor\u00ebzimit te produktit. N\u00eb k\u00ebrkes\u00ebn e b\u00ebr\u00eb bleresi (konsumatori) duhet t\u00eb shpjegoje arsyet p\u00ebr kthimin.\u00a0Ne rezervojm\u00eb t\u00eb drejt\u00ebn p\u00ebr t\u00eb mos e pranuar k\u00ebrkes\u00ebn e bler\u00ebsit per kthimin e produktit,\u00a0<strong>nese motivi\u00a0i ankes\u00ebs eshte i paarsyeshem<\/strong>\u00a0dhe\u00a0i pajustifikueshem. Produkti i kthyer duhet t\u00eb jet\u00eb\u00a0<strong>n\u00eb t\u00eb nj\u00ebjt\u00ebn gjendje<\/strong>\u00a0n\u00eb t\u00eb cil\u00ebn ju \u00ebsht\u00eb dor\u00ebzuar (si i ri), i mbyllur dhe me paketimin origjinal t\u00eb pa d\u00ebmtuar.\u00a0Nuk ka kthim te produktit nese eshte perdorur, i hapur ose\u00a0i keq trajtuar .<\/p>\n<p style=\"text-align: left;\">Ne proceduren e kthimit, produkti duhet te shoqerohet me faturen e dorzimit te mallit, detajet perkatese, si dhe arsyen e ketij kthimi. Pas pranimit nga ana e kompanise se produktit te kthyer, bleresi (konsumatori) ka te drejte te marre\u00a0<strong>te njejtin produkt (te nderruar)<\/strong>\u00a0ose vleren e rimbursuar.<\/p>\n<p style=\"text-align: justify;\">Rimbursimi do t\u00eb p\u00ebrfundojn\u00eb brenda afatit\u00a0<strong>n\u00ebnt\u00ebdhjet\u00eb (90) dit\u00eb<\/strong>\u00a0nga data q\u00eb ne kemi marr\u00eb produktin, pasi sh\u00ebrbimi postar t\u00eb p\u00ebrcaktoj\u00eb tarifat e tij , si edhe t\u00eb gjitha diferencat q\u00eb mund t\u00eb rrjedhin nga ndryshimi i \u00e7mimit do t\u00eb paguhet nga ana e konsumatorit.\u00a0N\u00eb raste t\u00eb p\u00ebrs\u00ebritura t\u00eb rimbursimit ose rimbursime t\u00eb bazuara n\u00eb abuzimin me t\u00eb drejt\u00ebn e kthimit,\u00a0<strong>kompania ka t\u00eb drejt\u00eb t\u00eb refuzoj\u00eb<\/strong>\u00a0p\u00ebr kthimin e produktit, edhe n\u00eb qoft\u00eb se kushtet jan\u00eb plot\u00ebsuar dhe p\u00ebrmbushur n\u00eb p\u00ebrputhje me rrethanat e paracaktuara.<\/p>\n<p style=\"text-align: justify;\">K\u00ebto terma\u00a0<strong>nuk duhet t\u00eb prekin<\/strong>\u00a0asnj\u00eb t\u00eb drejt\u00eb t\u00eb konsumator\u00ebve, te siguruara nga ana jon\u00eb.<\/p>\n<p>[\/vc_column_text][\/vc_column][\/vc_row]<\/p>\n<\/div>","protected":false},"excerpt":{"rendered":"<p>[vc_row][vc_column][vc_column_text] P\u00ebrdorues t\u00eb nderuar, K\u00ebrkesat p\u00ebr kthim ose anullim d\u00ebrgohen me e-mail tek:\u00a0info@euroclima.al\u00a0brenda 2 dit\u00ebve nga data e dor\u00ebzimit te produktit. N\u00eb k\u00ebrkes\u00ebn e b\u00ebr\u00eb bleresi (konsumatori) duhet t\u00eb shpjegoje arsyet p\u00ebr kthimin.\u00a0Ne rezervojm\u00eb t\u00eb drejt\u00ebn p\u00ebr t\u00eb mos e pranuar k\u00ebrkes\u00ebn e bler\u00ebsit per kthimin e produktit,\u00a0nese motivi\u00a0i ankes\u00ebs eshte i paarsyeshem\u00a0dhe\u00a0i pajustifikueshem. Produkti&hellip;<\/p>\n","protected":false},"author":4,"featured_media":0,"parent":0,"menu_order":0,"comment_status":"closed","ping_status":"closed","template":"","meta":{"footnotes":""},"class_list":["post-730","page","type-page","status-publish","hentry","description-off"],"_links":{"self":[{"href":"https:\/\/euroclima.al\/index.php\/wp-json\/wp\/v2\/pages\/730","targetHints":{"allow":["GET"]}}],"collection":[{"href":"https:\/\/euroclima.al\/index.php\/wp-json\/wp\/v2\/pages"}],"about":[{"href":"https:\/\/euroclima.al\/index.php\/wp-json\/wp\/v2\/types\/page"}],"author":[{"embeddable":true,"href":"https:\/\/euroclima.al\/index.php\/wp-json\/wp\/v2\/users\/4"}],"replies":[{"embeddable":true,"href":"https:\/\/euroclima.al\/index.php\/wp-json\/wp\/v2\/comments?post=730"}],"version-history":[{"count":3,"href":"https:\/\/euroclima.al\/index.php\/wp-json\/wp\/v2\/pages\/730\/revisions"}],"predecessor-version":[{"id":789,"href":"https:\/\/euroclima.al\/index.php\/wp-json\/wp\/v2\/pages\/730\/revisions\/789"}],"wp:attachment":[{"href":"https:\/\/euroclima.al\/index.php\/wp-json\/wp\/v2\/media?parent=730"}],"curies":[{"name":"wp","href":"https:\/\/api.w.org\/{rel}","templated":true}]}}