{"id":2168,"date":"2019-06-17T06:34:06","date_gmt":"2019-06-17T06:34:06","guid":{"rendered":"https:\/\/euroclima.al\/?page_id=2168"},"modified":"2019-06-17T14:48:23","modified_gmt":"2019-06-17T14:48:23","slug":"pompa-presioni","status":"publish","type":"page","link":"https:\/\/euroclima.al\/index.php\/pompa\/pompa-presioni\/","title":{"rendered":"POMPA PRESIONI"},"content":{"rendered":"<div class=\"wpb-content-wrapper\"><p>[vc_row][vc_column]<div id=\"ult-carousel-342806816369e59e7b8da46\" class=\"ult-carousel-wrapper   ult_horizontal\" data-gutter=\"15\" data-rtl=\"false\" ><div class=\"ult-carousel-6546642169e59e7b8d949 \" >[vc_single_image image=&#8221;2187&#8243; img_size=&#8221;full&#8221;]<\/div><\/div>\t\t\t<script type=\"text\/javascript\">\n\t\t\t\tjQuery(document).ready(function ($) {\n\t\t\t\t\tif( typeof jQuery('.ult-carousel-6546642169e59e7b8d949').slick == \"function\"){\n\t\t\t\t\t\t$('.ult-carousel-6546642169e59e7b8d949').slick({dots: true,autoplay: true,autoplaySpeed: \"5000\",speed: \"300\",infinite: true,arrows: true,nextArrow: '<button type=\"button\" role=\"button\" aria-label=\"Next\" style=\"color:#333333; font-size:20px;\" class=\"slick-next default\"><i class=\"ultsl-arrow-right4\"><\/i><\/button>',prevArrow: '<button type=\"button\" role=\"button\" aria-label=\"Previous\" style=\"color:#333333; font-size:20px;\" class=\"slick-prev default\"><i class=\"ultsl-arrow-left4\"><\/i><\/button>',slidesToScroll:1,slidesToShow:1,swipe: true,draggable: true,touchMove: true,pauseOnHover: true,pauseOnFocus: false,responsive: [\n\t\t\t\t\t\t\t{\n\t\t\t\t\t\t\t  breakpoint: 1026,\n\t\t\t\t\t\t\t  settings: {\n\t\t\t\t\t\t\t\tslidesToShow: 1,\n\t\t\t\t\t\t\t\tslidesToScroll: 1,  \n\t\t\t\t\t\t\t  }\n\t\t\t\t\t\t\t},\n\t\t\t\t\t\t\t{\n\t\t\t\t\t\t\t  breakpoint: 1025,\n\t\t\t\t\t\t\t  settings: {\n\t\t\t\t\t\t\t\tslidesToShow: 3,\n\t\t\t\t\t\t\t\tslidesToScroll: 3\n\t\t\t\t\t\t\t  }\n\t\t\t\t\t\t\t},\n\t\t\t\t\t\t\t{\n\t\t\t\t\t\t\t  breakpoint: 760,\n\t\t\t\t\t\t\t  settings: {\n\t\t\t\t\t\t\t\tslidesToShow: 2,\n\t\t\t\t\t\t\t\tslidesToScroll: 2\n\t\t\t\t\t\t\t  }\n\t\t\t\t\t\t\t}\n\t\t\t\t\t\t],pauseOnDotsHover: true,customPaging: function(slider, i) {\n                   return '<i type=\"button\" style= \"color:#333333;\" class=\"ultsl-record\" data-role=\"none\"><\/i>';\n                },});\n\t\t\t\t\t}\n\t\t\t\t});\n\t\t\t<\/script>\n\t\t\t[\/vc_column][\/vc_row][vc_row][vc_column]<div class=\"woocommerce columns-4 \"><div class=\"wf-container dt-products  woo-hover products loading-effect-fade-in description-on-hover cart-btn-on-img wc-img-hover hide-description\" data-padding=\"0px\" data-cur-page=\"1\" data-desktop-columns-num=\"4\" data-v-tablet-columns-num=\"2\" data-h-tablet-columns-num=\"3\" data-phone-columns-num=\"1\">\n\n<article class=\"post visible description-off product type-product post-2180 status-publish first instock product_cat-pompa-presioni has-post-thumbnail shipping-taxable product-type-simple\">\n\n\t<figure class=\"woocom-project\">\n\t<div class=\"woo-buttons-on-img\">\n\n\t\t<a href=\"https:\/\/euroclima.al\/index.php\/product\/pompa-vertikale-shumefazore\/\" class=\"alignnone layzr-bg\"><img loading=\"lazy\" decoding=\"async\" width=\"300\" height=\"300\" src=\"data:image\/svg+xml;charset=utf-8,%3Csvg xmlns%3D&#039;http%3A%2F%2Fwww.w3.org%2F2000%2Fsvg&#039; viewBox%3D&#039;0 0 300 300&#039;%2F%3E\" class=\"attachment-woocommerce_thumbnail size-woocommerce_thumbnail lazy-load preload-me\" alt=\"POMPA VERTIKALE SHUMEFAZORE\" data-src=\"https:\/\/euroclima.al\/wp-content\/uploads\/2019\/06\/EV-GROUP-300x300.jpg\" data-srcset=\"https:\/\/euroclima.al\/wp-content\/uploads\/2019\/06\/EV-GROUP-300x300.jpg 300w, https:\/\/euroclima.al\/wp-content\/uploads\/2019\/06\/EV-GROUP-200x200.jpg 200w, https:\/\/euroclima.al\/wp-content\/uploads\/2019\/06\/EV-GROUP-150x150.jpg 150w, https:\/\/euroclima.al\/wp-content\/uploads\/2019\/06\/EV-GROUP-100x100.jpg 100w\" \/><\/a>\n\t<\/div>\n\t<figcaption class=\"woocom-list-content\">\n\n\t\t<div class=\"woocommerce-product-details__short-description\">\n\t<div class=\"tlid-input input\">\n<div class=\"source-wrap\">\n<div class=\"input-full-height-wrapper tlid-input-full-height-wrapper\">\n<div class=\"source-input\">\n<div class=\"source-footer-wrap source-or-target-footer\">\n<div class=\"character-count tlid-character-count\">\n<h2 class=\"cc-ctr normal\">EV Pompat vertikale shum\u00ebfazore<\/h2>\n<\/div>\n<\/div>\n<\/div>\n<\/div>\n<\/div>\n<\/div>\n<div class=\"tlid-results-container results-container\">\n<div class=\"tlid-result result-dict-wrapper\">\n<div class=\"result tlid-copy-target\">\n<div class=\"text-wrap tlid-copy-target\">\n<div class=\"result-shield-container tlid-copy-target\" tabindex=\"0\"><span class=\"tlid-translation translation\" lang=\"sq\"><span class=\"\" title=\"\">Pompa vertikale EV n\u00eb \u00e7elik inox jep eficienc\u00eb dhe performanc\u00eb t\u00eb lart\u00eb p\u00ebr nj\u00eb shum\u00ebllojshm\u00ebri t\u00eb gjer\u00eb aplikimesh k\u00ebrkuese.<\/span> <span class=\"\" title=\"\">Serit\u00eb EV jan\u00eb t\u00eb mb\u00ebshtetura nga sh\u00ebrbimi dhe mb\u00ebshtetja teknike e pashembullt e Franklin Electric, duke ju l\u00ebn\u00eb besueshm\u00ebrin\u00eb e provuar dhe paqen e mendjes.<\/span><\/span><\/div>\n<div tabindex=\"0\"><\/div>\n<div tabindex=\"0\"><a href=\"https:\/\/euroclima.al\/wp-content\/uploads\/2019\/06\/ev-group.pdf\">SKEDE TEKNIKE<\/a><\/div>\n<\/div>\n<\/div>\n<\/div>\n<\/div>\n<\/div>\n\n\t<\/figcaption>\n<\/figure>\n\n<\/article>\n\n\n\n<article class=\"post visible description-off product type-product post-2174 status-publish instock product_cat-pompa-presioni product_cat-pompa-uji has-post-thumbnail shipping-taxable product-type-simple\">\n\n\t<figure class=\"woocom-project\">\n\t<div class=\"woo-buttons-on-img\">\n\n\t\t<a href=\"https:\/\/euroclima.al\/index.php\/product\/pompe-horizontale-me-inverter\/\" class=\"alignnone layzr-bg\"><img loading=\"lazy\" decoding=\"async\" width=\"300\" height=\"300\" src=\"data:image\/svg+xml;charset=utf-8,%3Csvg xmlns%3D&#039;http%3A%2F%2Fwww.w3.org%2F2000%2Fsvg&#039; viewBox%3D&#039;0 0 300 300&#039;%2F%3E\" class=\"attachment-woocommerce_thumbnail size-woocommerce_thumbnail lazy-load preload-me\" alt=\"POMPE HORIZONTALE ME INVERTER\" data-src=\"https:\/\/euroclima.al\/wp-content\/uploads\/2019\/06\/EH-DTm-1-300x300.jpg\" data-srcset=\"https:\/\/euroclima.al\/wp-content\/uploads\/2019\/06\/EH-DTm-1-300x300.jpg 300w, https:\/\/euroclima.al\/wp-content\/uploads\/2019\/06\/EH-DTm-1-200x200.jpg 200w, https:\/\/euroclima.al\/wp-content\/uploads\/2019\/06\/EH-DTm-1-150x150.jpg 150w, https:\/\/euroclima.al\/wp-content\/uploads\/2019\/06\/EH-DTm-1-100x100.jpg 100w\" \/><\/a>\n\t<\/div>\n\t<figcaption class=\"woocom-list-content\">\n\n\t\t<div class=\"woocommerce-product-details__short-description\">\n\t<p>Drive-Tech MINI \u00ebsht\u00eb nj\u00eb set i fuqish\u00ebm i p\u00ebrparimit q\u00eb kombinon efikasitetin, thjesht\u00ebsin\u00eb, inovacionin dhe sigurin\u00eb: pompat horizontale shum\u00ebfazore EH me pajisjen e re inverter Drive-<\/p>\n<p>Efikasiteti: Drive-Tech MINI arrin kursime totale t\u00eb energjis\u00eb deri n\u00eb 40%, krahasuar me sistemet konvencionale t\u00eb kontrollit t\u00eb shpejt\u00ebsis\u00eb.<\/p>\n<p>Thjesht\u00ebsia: Drive-Tech MINI \u00ebsht\u00eb montuar direkt n\u00eb kutin\u00eb e kontrollit motorik. Ai \u00ebsht\u00eb furnizuar tashm\u00eb me nj\u00eb kabllo t\u00eb fuqis\u00eb prej 2.0 metrash dhe nj\u00eb kabllo prej 1.50 met\u00ebr p\u00ebr t&#8217;u lidhur me dh\u00ebn\u00ebsin e presionit.<\/p>\n<p>Innovation: Drive-Tech MINI mund t\u00eb kontrollohet manualisht nga paneli i bordit ose n\u00ebp\u00ebrmjet Bluetooth nga aplikacioni Franklin Smartphone &#8220;FE Connect Drivetech&#8221; (Android dhe IOS), duke ju mund\u00ebsuar vendosjen dhe monitorimin e sistemit nga distanca, duke ruajtur t\u00eb dh\u00ebnat e pun\u00ebs dhe duke rritur performanc\u00ebn e pomp\u00ebs.<\/p>\n<p>Siguria: Filtri i hyrjes i integruar i klasit B (EN55011) parandalon \u00e7do lloj shqet\u00ebsime n\u00eb rrjetin vendas p\u00ebr t\u00eb siguruar nj\u00eb p\u00ebrdorim t\u00eb besuesh\u00ebm. Filtri ndjek direktivat EMC (p\u00ebrputhshm\u00ebria elektromagnetike).<\/p>\n<p><a href=\"https:\/\/euroclima.al\/wp-content\/uploads\/2019\/06\/EH-DTm_mini-tech.pdf\">SKEDE TEKNIKE<\/a><\/p>\n<\/div>\n\n\t<\/figcaption>\n<\/figure>\n\n<\/article>\n\n\n\n<article class=\"post visible description-off product type-product post-2176 status-publish instock product_cat-pompa-presioni has-post-thumbnail shipping-taxable product-type-simple\">\n\n\t<figure class=\"woocom-project\">\n\t<div class=\"woo-buttons-on-img\">\n\n\t\t<a href=\"https:\/\/euroclima.al\/index.php\/product\/pompe-horizontale-shumefazore\/\" class=\"alignnone layzr-bg\"><img loading=\"lazy\" decoding=\"async\" width=\"300\" height=\"300\" src=\"data:image\/svg+xml;charset=utf-8,%3Csvg xmlns%3D&#039;http%3A%2F%2Fwww.w3.org%2F2000%2Fsvg&#039; viewBox%3D&#039;0 0 300 300&#039;%2F%3E\" class=\"attachment-woocommerce_thumbnail size-woocommerce_thumbnail lazy-load preload-me\" alt=\"POMPE HORIZONTALE SHUMEFAZORE\" data-src=\"https:\/\/euroclima.al\/wp-content\/uploads\/2019\/06\/eh-group-300x300.jpg\" data-srcset=\"https:\/\/euroclima.al\/wp-content\/uploads\/2019\/06\/eh-group-300x300.jpg 300w, https:\/\/euroclima.al\/wp-content\/uploads\/2019\/06\/eh-group-200x200.jpg 200w, https:\/\/euroclima.al\/wp-content\/uploads\/2019\/06\/eh-group-150x150.jpg 150w, https:\/\/euroclima.al\/wp-content\/uploads\/2019\/06\/eh-group-100x100.jpg 100w\" \/><\/a>\n\t<\/div>\n\t<figcaption class=\"woocom-list-content\">\n\n\t\t<div class=\"woocommerce-product-details__short-description\">\n\t<p>Pompa horizontale shum\u00ebfazore EH<br \/>\nSeria EH, pomp\u00eb p\u00ebrforcuese e shum\u00ebfisht\u00eb \u00ebsht\u00eb projektuar p\u00ebr t\u00eb p\u00ebrmbushur nevojat tuaja p\u00ebr rritjen e presionit. Nd\u00ebrtesa prej \u00e7eliku inox ofron performanc\u00eb t\u00eb lart\u00eb n\u00eb nj\u00eb shum\u00ebllojshm\u00ebri aplikimesh. Seria EH ofrohet n\u00eb pes\u00eb nivele t\u00eb rrjedhjes dhe madh\u00ebsi t\u00eb ndryshme t\u00eb shpejtesive n\u00eb nj\u00eb faz\u00eb ose n\u00eb 3 faza p\u00ebr t\u00eb siguruar q\u00eb keni pomp\u00ebn e duhur p\u00ebr t\u00eb p\u00ebrshtatur k\u00ebrkes\u00ebn tuaj.<\/p>\n<p><a href=\"https:\/\/euroclima.al\/wp-content\/uploads\/2019\/06\/pompa-horizontale-shumefazore.pdf\">SKEDE TEKNIKE<\/a><\/p>\n<\/div>\n\n\t<\/figcaption>\n<\/figure>\n\n<\/article>\n\n\n\n<article class=\"post visible description-off product type-product post-2195 status-publish last instock product_cat-pompa-presioni product_cat-pompa-uji has-post-thumbnail shipping-taxable product-type-simple\">\n\n\t<figure class=\"woocom-project\">\n\t<div class=\"woo-buttons-on-img\">\n\n\t\t<a href=\"https:\/\/euroclima.al\/index.php\/product\/pompe-presioni-fnc\/\" class=\"alignnone layzr-bg\"><img loading=\"lazy\" decoding=\"async\" width=\"300\" height=\"300\" src=\"data:image\/svg+xml;charset=utf-8,%3Csvg xmlns%3D&#039;http%3A%2F%2Fwww.w3.org%2F2000%2Fsvg&#039; viewBox%3D&#039;0 0 300 300&#039;%2F%3E\" class=\"attachment-woocommerce_thumbnail size-woocommerce_thumbnail lazy-load preload-me\" alt=\"POMPE PRESIONI FNC\" data-src=\"https:\/\/euroclima.al\/wp-content\/uploads\/2019\/06\/fnc_Gallery-300x300.jpg\" data-srcset=\"https:\/\/euroclima.al\/wp-content\/uploads\/2019\/06\/fnc_Gallery-300x300.jpg 300w, https:\/\/euroclima.al\/wp-content\/uploads\/2019\/06\/fnc_Gallery-200x200.jpg 200w, https:\/\/euroclima.al\/wp-content\/uploads\/2019\/06\/fnc_Gallery-150x150.jpg 150w, https:\/\/euroclima.al\/wp-content\/uploads\/2019\/06\/fnc_Gallery-100x100.jpg 100w\" \/><\/a>\n\t<\/div>\n\t<figcaption class=\"woocom-list-content\">\n\n\t\t<div class=\"woocommerce-product-details__short-description\">\n\t<h2>FNC Pompat elektrike me bosht t\u00eb ngusht\u00eb t\u00eb dyfisht\u00eb<\/h2>\n<h5>Specifikime te pompes<\/h5>\n<p>Rrjedhja: deri n\u00eb 180 m\u00b3 \/ h<br \/>\nKreu: deri n\u00eb 90 m<br \/>\nPresioni maksimal i pun\u00ebs: PN10<br \/>\nTemperatura maksimale e l\u00ebngshme:<br \/>\nderi n\u00eb 90 \u00b0 C p\u00ebr p\u00ebrdorim sht\u00ebpiak<br \/>\nderi n\u00eb 120 \u00b0 C p\u00ebr p\u00ebrdorim industrial<br \/>\nReferenca standarde:<br \/>\nErP 547\/2012 (MEI&gt; 0,4)<br \/>\nUNI EN 733 (DIN 24255)<\/p>\n<h4>\nMaterialet dhe karakteristikat e nd\u00ebrtimit<\/h4>\n<p>Trupi i pomp\u00ebs \/ Mbulesa e mbajt\u00ebsit mekanik \/ Kllapa motorike: Hekuri GG20 me shtres\u00eb anti-korrozive<br \/>\nPortat e thithjes \/ daljes: sipas standardit EN1092-2<br \/>\nImpeller: Hekur GG20 me shtres\u00eb kataphoreze<br \/>\nBosht pomp\u00eb: \u00c7elik inox AISI 304<br \/>\nVula Mekanike: Karboni \/ Qeramik\u00eb \/ NBR<br \/>\nSpecifikimi i motorrit<br \/>\nMotori asinkronik i kafazit t\u00eb ketrit<br \/>\nVentilimi i jasht\u00ebm<br \/>\nMbrojtje motorike dhe kondensator t\u00eb inkorporuar gjithmon\u00eb n\u00eb, p\u00ebr motor\u00ebt me nj\u00eb faz\u00eb<br \/>\nMbrojtja e motorit p\u00ebr motor\u00ebt trefazor\u00eb duhet t\u00eb instalohet nga konsumatori (rekomandohet t\u00eb p\u00ebrdoret nj\u00eb pajisje q\u00eb \u00ebsht\u00eb n\u00eb pajtim me standardet aktuale)<br \/>\nKlasa e efikasitetit: IE3<br \/>\nKlasa e izolimit: F<br \/>\nKlasa e sh\u00ebrbimit: S1<br \/>\nShkalla e mbrojtjes: IP 54<br \/>\nReferenca standarde: 640\/2009 (Klasa e efikasitetit t\u00eb motorit IE3)<\/p>\n<\/div>\n\n\t<\/figcaption>\n<\/figure>\n\n<\/article>\n\n<\/div><\/div>[\/vc_column][\/vc_row]<\/p>\n<\/div>","protected":false},"excerpt":{"rendered":"<p>[vc_row][vc_column][\/vc_column][\/vc_row][vc_row][vc_column][\/vc_column][\/vc_row]<\/p>\n","protected":false},"author":2,"featured_media":0,"parent":2108,"menu_order":0,"comment_status":"closed","ping_status":"closed","template":"","meta":{"footnotes":""},"class_list":["post-2168","page","type-page","status-publish","hentry","description-off"],"_links":{"self":[{"href":"https:\/\/euroclima.al\/index.php\/wp-json\/wp\/v2\/pages\/2168","targetHints":{"allow":["GET"]}}],"collection":[{"href":"https:\/\/euroclima.al\/index.php\/wp-json\/wp\/v2\/pages"}],"about":[{"href":"https:\/\/euroclima.al\/index.php\/wp-json\/wp\/v2\/types\/page"}],"author":[{"embeddable":true,"href":"https:\/\/euroclima.al\/index.php\/wp-json\/wp\/v2\/users\/2"}],"replies":[{"embeddable":true,"href":"https:\/\/euroclima.al\/index.php\/wp-json\/wp\/v2\/comments?post=2168"}],"version-history":[{"count":4,"href":"https:\/\/euroclima.al\/index.php\/wp-json\/wp\/v2\/pages\/2168\/revisions"}],"predecessor-version":[{"id":2188,"href":"https:\/\/euroclima.al\/index.php\/wp-json\/wp\/v2\/pages\/2168\/revisions\/2188"}],"up":[{"embeddable":true,"href":"https:\/\/euroclima.al\/index.php\/wp-json\/wp\/v2\/pages\/2108"}],"wp:attachment":[{"href":"https:\/\/euroclima.al\/index.php\/wp-json\/wp\/v2\/media?parent=2168"}],"curies":[{"name":"wp","href":"https:\/\/api.w.org\/{rel}","templated":true}]}}